{"id":1644,"date":"2019-06-15T02:04:12","date_gmt":"2019-06-15T02:04:12","guid":{"rendered":"https:\/\/sharonloew.com\/?post_type=product&#038;p=1644"},"modified":"2023-08-31T22:10:38","modified_gmt":"2023-08-31T22:10:38","slug":"pn01","status":"publish","type":"product","link":"https:\/\/sharonloew.com\/en\/colecciones\/numb3rs\/pn01\/","title":{"rendered":"PN01"},"content":{"rendered":"<p>Siete pulseras el\u00e1sticas, en balines ba\u00f1ados en oro, con dijes que van del n\u00famero 1 al 7.<\/p>\n<p>&nbsp;<\/p>","protected":false},"excerpt":{"rendered":"<p>Semanario.<\/p>\n<p>Las civilizaciones Antiguas ten\u00edan la creencia de que usar siete brazaletes hechos con metales atra\u00edan la energ\u00eda de los astros que dieron origen a los nombres de cada uno de los d\u00edas de la semana.<\/p>\n<p>As\u00ed, el Lunes se le atribuy\u00f3 a la Luna, el Martes a Marte, el Mi\u00e9rcoles a Mercurio; el Jueves a J\u00fapiter; el Viernes a Venus; el S\u00e1bado a Saturno y el d\u00eda Domingo inicialmente se le atribuy\u00f3 al Sol, pero luego por la influencia cristiana, su origen se bas\u00f3 en el lat\u00edn \u00ab<em>Dominu<\/em>s\u00bb, que significa Se\u00f1or; pues para los cristianos el Domingo es el d\u00eda consagrado a Dios.<\/p>","protected":false},"featured_media":1800,"comment_status":"open","ping_status":"closed","template":"","meta":{"_acf_changed":false},"product_brand":[],"product_cat":[147],"product_tag":[],"class_list":{"0":"post-1644","1":"product","2":"type-product","3":"status-publish","4":"has-post-thumbnail","6":"product_cat-numb3rs","8":"first","9":"instock","10":"shipping-taxable","11":"purchasable","12":"product-type-variable"},"acf":[],"yoast_head":"<!-- This site is optimized with the Yoast SEO plugin v26.4 - https:\/\/yoast.com\/wordpress\/plugins\/seo\/ -->\n<title>PN01 - Sharon Loew<\/title>\n<meta name=\"robots\" content=\"index, follow, max-snippet:-1, max-image-preview:large, max-video-preview:-1\" \/>\n<link rel=\"canonical\" href=\"https:\/\/sharonloew.com\/en\/colecciones\/numb3rs\/pn01\/\" \/>\n<meta property=\"og:locale\" content=\"en_US\" \/>\n<meta property=\"og:type\" content=\"article\" \/>\n<meta property=\"og:title\" content=\"PN01 - Sharon Loew\" \/>\n<meta property=\"og:description\" content=\"Semanario.  Las civilizaciones Antiguas ten\u00edan la creencia de que usar siete brazaletes hechos con metales atra\u00edan la energ\u00eda de los astros que dieron origen a los nombres de cada uno de los d\u00edas de la semana.  As\u00ed, el Lunes se le atribuy\u00f3 a la Luna, el Martes a Marte, el Mi\u00e9rcoles a Mercurio; el Jueves a J\u00fapiter; el Viernes a Venus; el S\u00e1bado a Saturno y el d\u00eda Domingo inicialmente se le atribuy\u00f3 al Sol, pero luego por la influencia cristiana, su origen se bas\u00f3 en el lat\u00edn &quot;Dominus&quot;, que significa Se\u00f1or; pues para los cristianos el Domingo es el d\u00eda consagrado a Dios.\" \/>\n<meta property=\"og:url\" content=\"https:\/\/sharonloew.com\/en\/colecciones\/numb3rs\/pn01\/\" \/>\n<meta property=\"og:site_name\" content=\"Sharon Loew\" \/>\n<meta property=\"article:modified_time\" content=\"2023-08-31T22:10:38+00:00\" \/>\n<meta property=\"og:image\" content=\"https:\/\/sharonloew.com\/wp-content\/uploads\/2019\/11\/PN01-BA\u00d1O-ORO-PLATA-scaled.jpg\" \/>\n\t<meta property=\"og:image:width\" content=\"2560\" \/>\n\t<meta property=\"og:image:height\" content=\"1706\" \/>\n\t<meta property=\"og:image:type\" content=\"image\/jpeg\" \/>\n<meta name=\"twitter:card\" content=\"summary_large_image\" \/>\n<meta name=\"twitter:label1\" content=\"Est. reading time\" \/>\n\t<meta name=\"twitter:data1\" content=\"1 minute\" \/>\n<script type=\"application\/ld+json\" class=\"yoast-schema-graph\">{\"@context\":\"https:\/\/schema.org\",\"@graph\":[{\"@type\":\"WebPage\",\"@id\":\"https:\/\/sharonloew.com\/colecciones\/numb3rs\/pn01\/\",\"url\":\"https:\/\/sharonloew.com\/colecciones\/numb3rs\/pn01\/\",\"name\":\"PN01 - Sharon Loew\",\"isPartOf\":{\"@id\":\"https:\/\/sharonloew.com\/#website\"},\"primaryImageOfPage\":{\"@id\":\"https:\/\/sharonloew.com\/colecciones\/numb3rs\/pn01\/#primaryimage\"},\"image\":{\"@id\":\"https:\/\/sharonloew.com\/colecciones\/numb3rs\/pn01\/#primaryimage\"},\"thumbnailUrl\":\"https:\/\/sharonloew.com\/wp-content\/uploads\/2019\/11\/PN01-BA\u00d1O-ORO-PLATA-scaled.jpg\",\"datePublished\":\"2019-06-15T02:04:12+00:00\",\"dateModified\":\"2023-08-31T22:10:38+00:00\",\"breadcrumb\":{\"@id\":\"https:\/\/sharonloew.com\/colecciones\/numb3rs\/pn01\/#breadcrumb\"},\"inLanguage\":\"en-US\",\"potentialAction\":[{\"@type\":\"ReadAction\",\"target\":[\"https:\/\/sharonloew.com\/colecciones\/numb3rs\/pn01\/\"]}]},{\"@type\":\"ImageObject\",\"inLanguage\":\"en-US\",\"@id\":\"https:\/\/sharonloew.com\/colecciones\/numb3rs\/pn01\/#primaryimage\",\"url\":\"https:\/\/sharonloew.com\/wp-content\/uploads\/2019\/11\/PN01-BA\u00d1O-ORO-PLATA-scaled.jpg\",\"contentUrl\":\"https:\/\/sharonloew.com\/wp-content\/uploads\/2019\/11\/PN01-BA\u00d1O-ORO-PLATA-scaled.jpg\",\"width\":2560,\"height\":1706},{\"@type\":\"BreadcrumbList\",\"@id\":\"https:\/\/sharonloew.com\/colecciones\/numb3rs\/pn01\/#breadcrumb\",\"itemListElement\":[{\"@type\":\"ListItem\",\"position\":1,\"name\":\"Inicio\",\"item\":\"https:\/\/sharonloew.com\/\"},{\"@type\":\"ListItem\",\"position\":2,\"name\":\"Colecciones\",\"item\":\"https:\/\/sharonloew.com\/colecciones\/\"},{\"@type\":\"ListItem\",\"position\":3,\"name\":\"NUMB3RS\",\"item\":\"https:\/\/sharonloew.com\/categoria\/numb3rs\/\"},{\"@type\":\"ListItem\",\"position\":4,\"name\":\"PN01\"}]},{\"@type\":\"WebSite\",\"@id\":\"https:\/\/sharonloew.com\/#website\",\"url\":\"https:\/\/sharonloew.com\/\",\"name\":\"Sharon Loew\",\"description\":\"Joyas y Accesorios\",\"potentialAction\":[{\"@type\":\"SearchAction\",\"target\":{\"@type\":\"EntryPoint\",\"urlTemplate\":\"https:\/\/sharonloew.com\/?s={search_term_string}\"},\"query-input\":{\"@type\":\"PropertyValueSpecification\",\"valueRequired\":true,\"valueName\":\"search_term_string\"}}],\"inLanguage\":\"en-US\"}]}<\/script>\n<!-- \/ Yoast SEO plugin. -->","yoast_head_json":{"title":"PN01 - Sharon Loew","robots":{"index":"index","follow":"follow","max-snippet":"max-snippet:-1","max-image-preview":"max-image-preview:large","max-video-preview":"max-video-preview:-1"},"canonical":"https:\/\/sharonloew.com\/en\/colecciones\/numb3rs\/pn01\/","og_locale":"en_US","og_type":"article","og_title":"PN01 - Sharon Loew","og_description":"Semanario.  Las civilizaciones Antiguas ten\u00edan la creencia de que usar siete brazaletes hechos con metales atra\u00edan la energ\u00eda de los astros que dieron origen a los nombres de cada uno de los d\u00edas de la semana.  As\u00ed, el Lunes se le atribuy\u00f3 a la Luna, el Martes a Marte, el Mi\u00e9rcoles a Mercurio; el Jueves a J\u00fapiter; el Viernes a Venus; el S\u00e1bado a Saturno y el d\u00eda Domingo inicialmente se le atribuy\u00f3 al Sol, pero luego por la influencia cristiana, su origen se bas\u00f3 en el lat\u00edn \"Dominus\", que significa Se\u00f1or; pues para los cristianos el Domingo es el d\u00eda consagrado a Dios.","og_url":"https:\/\/sharonloew.com\/en\/colecciones\/numb3rs\/pn01\/","og_site_name":"Sharon Loew","article_modified_time":"2023-08-31T22:10:38+00:00","og_image":[{"width":2560,"height":1706,"url":"https:\/\/sharonloew.com\/wp-content\/uploads\/2019\/11\/PN01-BA\u00d1O-ORO-PLATA-scaled.jpg","type":"image\/jpeg"}],"twitter_card":"summary_large_image","twitter_misc":{"Est. reading time":"1 minute"},"schema":{"@context":"https:\/\/schema.org","@graph":[{"@type":"WebPage","@id":"https:\/\/sharonloew.com\/colecciones\/numb3rs\/pn01\/","url":"https:\/\/sharonloew.com\/colecciones\/numb3rs\/pn01\/","name":"PN01 - Sharon Loew","isPartOf":{"@id":"https:\/\/sharonloew.com\/#website"},"primaryImageOfPage":{"@id":"https:\/\/sharonloew.com\/colecciones\/numb3rs\/pn01\/#primaryimage"},"image":{"@id":"https:\/\/sharonloew.com\/colecciones\/numb3rs\/pn01\/#primaryimage"},"thumbnailUrl":"https:\/\/sharonloew.com\/wp-content\/uploads\/2019\/11\/PN01-BA\u00d1O-ORO-PLATA-scaled.jpg","datePublished":"2019-06-15T02:04:12+00:00","dateModified":"2023-08-31T22:10:38+00:00","breadcrumb":{"@id":"https:\/\/sharonloew.com\/colecciones\/numb3rs\/pn01\/#breadcrumb"},"inLanguage":"en-US","potentialAction":[{"@type":"ReadAction","target":["https:\/\/sharonloew.com\/colecciones\/numb3rs\/pn01\/"]}]},{"@type":"ImageObject","inLanguage":"en-US","@id":"https:\/\/sharonloew.com\/colecciones\/numb3rs\/pn01\/#primaryimage","url":"https:\/\/sharonloew.com\/wp-content\/uploads\/2019\/11\/PN01-BA\u00d1O-ORO-PLATA-scaled.jpg","contentUrl":"https:\/\/sharonloew.com\/wp-content\/uploads\/2019\/11\/PN01-BA\u00d1O-ORO-PLATA-scaled.jpg","width":2560,"height":1706},{"@type":"BreadcrumbList","@id":"https:\/\/sharonloew.com\/colecciones\/numb3rs\/pn01\/#breadcrumb","itemListElement":[{"@type":"ListItem","position":1,"name":"Inicio","item":"https:\/\/sharonloew.com\/"},{"@type":"ListItem","position":2,"name":"Colecciones","item":"https:\/\/sharonloew.com\/colecciones\/"},{"@type":"ListItem","position":3,"name":"NUMB3RS","item":"https:\/\/sharonloew.com\/categoria\/numb3rs\/"},{"@type":"ListItem","position":4,"name":"PN01"}]},{"@type":"WebSite","@id":"https:\/\/sharonloew.com\/#website","url":"https:\/\/sharonloew.com\/","name":"Sharon Loew","description":"Joyas y Accesorios","potentialAction":[{"@type":"SearchAction","target":{"@type":"EntryPoint","urlTemplate":"https:\/\/sharonloew.com\/?s={search_term_string}"},"query-input":{"@type":"PropertyValueSpecification","valueRequired":true,"valueName":"search_term_string"}}],"inLanguage":"en-US"}]}},"_links":{"self":[{"href":"https:\/\/sharonloew.com\/en\/wp-json\/wp\/v2\/product\/1644","targetHints":{"allow":["GET"]}}],"collection":[{"href":"https:\/\/sharonloew.com\/en\/wp-json\/wp\/v2\/product"}],"about":[{"href":"https:\/\/sharonloew.com\/en\/wp-json\/wp\/v2\/types\/product"}],"replies":[{"embeddable":true,"href":"https:\/\/sharonloew.com\/en\/wp-json\/wp\/v2\/comments?post=1644"}],"wp:featuredmedia":[{"embeddable":true,"href":"https:\/\/sharonloew.com\/en\/wp-json\/wp\/v2\/media\/1800"}],"wp:attachment":[{"href":"https:\/\/sharonloew.com\/en\/wp-json\/wp\/v2\/media?parent=1644"}],"wp:term":[{"taxonomy":"product_brand","embeddable":true,"href":"https:\/\/sharonloew.com\/en\/wp-json\/wp\/v2\/product_brand?post=1644"},{"taxonomy":"product_cat","embeddable":true,"href":"https:\/\/sharonloew.com\/en\/wp-json\/wp\/v2\/product_cat?post=1644"},{"taxonomy":"product_tag","embeddable":true,"href":"https:\/\/sharonloew.com\/en\/wp-json\/wp\/v2\/product_tag?post=1644"}],"curies":[{"name":"wp","href":"https:\/\/api.w.org\/{rel}","templated":true}]}}