{"id":1647,"date":"2019-06-15T02:58:27","date_gmt":"2019-06-15T02:58:27","guid":{"rendered":"https:\/\/sharonloew.com\/?post_type=product&#038;p=1647"},"modified":"2023-04-04T20:39:49","modified_gmt":"2023-04-04T20:39:49","slug":"pn03","status":"publish","type":"product","link":"https:\/\/sharonloew.com\/en\/colecciones\/numb3rs\/pn03\/","title":{"rendered":"PN03"},"content":{"rendered":"<p>Pulsera el\u00e1stica con balines y n\u00famero de un solo d\u00edgito, que puede representar el n\u00famero de la suerte, el n\u00famero favorito, el n\u00famero de la Trayectoria de Vida, el n\u00famero de hijos, un d\u00eda especial, entre otros.<\/p>\n<p>&nbsp;<\/p>","protected":false},"excerpt":{"rendered":"<p>Seg\u00fan la Numerolog\u00eda, el numero mas importante es el N\u00famero de la Trayectoria de Vida, que\u00a0 es considerado el m\u00e1s importante y es sobre el que se debe actuar para ser aut\u00e9nticamente feliz. Por actuar, se debe entender que las cualidades de este n\u00famero se muestren en tu vida. Este n\u00famero se obtiene de sumar uno a uno los d\u00edgitos de la fecha de nacimiento hasta llegar a un n\u00famero simple.<\/p>\n<p><strong><u>TRAYECTORIA DE VIDA 9: EL HUMANITARIO<\/u><\/strong><\/p>\n<p>El 9 es el n\u00famero m\u00e1s evolucionado seg\u00fan la Numerolog\u00eda; y se considera una de las m\u00e1s fuertes de todas las vibraciones.<\/p>\n<p>Este Trayectoria de Vida tiene una fuerte inclinaci\u00f3n a seguir algo en lo que cree y lo persigue con gran ambici\u00f3n y empuje.<\/p>\n<p>Los 9 tienen una aut\u00e9ntica consideraci\u00f3n por la humanidad, as\u00ed que en sus objetivos siempre est\u00e1n los dem\u00e1s.<\/p>\n<p>Los 9 no necesitan ser el centro de atenci\u00f3n, pero en cualquier caso la gente los pone en tal posici\u00f3n.<\/p>\n<p>Son muy buenos profesores, asesores escolares y terapeutas. Trabajan muy bien con los ni\u00f1os y los ni\u00f1os suelen quererlos. Son excelentes m\u00e9dicos, enfermeros y trabajadores sociales.\u00a0 Se desenvuelven bien en campos creativos como los de conferencistas, artistas, ilustradores y escritores; y son buenos m\u00fasicos y actores.<\/p>\n<p><em>(Fuente: El Poder de los n\u00fameros\/Glynnis Mc Cants)<\/em><\/p>","protected":false},"featured_media":1648,"comment_status":"open","ping_status":"closed","template":"","meta":{"_acf_changed":false},"product_brand":[],"product_cat":[147],"product_tag":[],"class_list":{"0":"post-1647","1":"product","2":"type-product","3":"status-publish","4":"has-post-thumbnail","6":"product_cat-numb3rs","8":"first","9":"instock","10":"shipping-taxable","11":"purchasable","12":"product-type-variable"},"acf":[],"yoast_head":"<!-- This site is optimized with the Yoast SEO plugin v26.4 - https:\/\/yoast.com\/wordpress\/plugins\/seo\/ -->\n<title>PN03 - Sharon Loew<\/title>\n<meta name=\"robots\" content=\"index, follow, max-snippet:-1, max-image-preview:large, max-video-preview:-1\" \/>\n<link rel=\"canonical\" href=\"https:\/\/sharonloew.com\/en\/colecciones\/numb3rs\/pn03\/\" \/>\n<meta property=\"og:locale\" content=\"en_US\" \/>\n<meta property=\"og:type\" content=\"article\" \/>\n<meta property=\"og:title\" content=\"PN03 - Sharon Loew\" \/>\n<meta property=\"og:description\" content=\"Seg\u00fan la Numerolog\u00eda, el numero mas importante es el N\u00famero de la Trayectoria de Vida, que\u00a0 es considerado el m\u00e1s importante y es sobre el que se debe actuar para ser aut\u00e9nticamente feliz. Por actuar, se debe entender que las cualidades de este n\u00famero se muestren en tu vida. Este n\u00famero se obtiene de sumar uno a uno los d\u00edgitos de la fecha de nacimiento hasta llegar a un n\u00famero simple.  TRAYECTORIA DE VIDA 9: EL HUMANITARIO  El 9 es el n\u00famero m\u00e1s evolucionado seg\u00fan la Numerolog\u00eda; y se considera una de las m\u00e1s fuertes de todas las vibraciones.  Este Trayectoria de Vida tiene una fuerte inclinaci\u00f3n a seguir algo en lo que cree y lo persigue con gran ambici\u00f3n y empuje.  Los 9 tienen una aut\u00e9ntica consideraci\u00f3n por la humanidad, as\u00ed que en sus objetivos siempre est\u00e1n los dem\u00e1s.  Los 9 no necesitan ser el centro de atenci\u00f3n, pero en cualquier caso la gente los pone en tal posici\u00f3n.  Son muy buenos profesores, asesores escolares y terapeutas. Trabajan muy bien con los ni\u00f1os y los ni\u00f1os suelen quererlos. Son excelentes m\u00e9dicos, enfermeros y trabajadores sociales.\u00a0 Se desenvuelven bien en campos creativos como los de conferencistas, artistas, ilustradores y escritores; y son buenos m\u00fasicos y actores.  (Fuente: El Poder de los n\u00fameros\/Glynnis Mc Cants)\" \/>\n<meta property=\"og:url\" content=\"https:\/\/sharonloew.com\/en\/colecciones\/numb3rs\/pn03\/\" \/>\n<meta property=\"og:site_name\" content=\"Sharon Loew\" \/>\n<meta property=\"article:modified_time\" content=\"2023-04-04T20:39:49+00:00\" \/>\n<meta property=\"og:image\" content=\"https:\/\/sharonloew.com\/wp-content\/uploads\/2019\/06\/sharonloew-046-1.jpg\" \/>\n\t<meta property=\"og:image:width\" content=\"3936\" \/>\n\t<meta property=\"og:image:height\" content=\"2624\" \/>\n\t<meta property=\"og:image:type\" content=\"image\/jpeg\" \/>\n<meta name=\"twitter:card\" content=\"summary_large_image\" \/>\n<script type=\"application\/ld+json\" class=\"yoast-schema-graph\">{\"@context\":\"https:\/\/schema.org\",\"@graph\":[{\"@type\":\"WebPage\",\"@id\":\"https:\/\/sharonloew.com\/en\/colecciones\/numb3rs\/pn03\/\",\"url\":\"https:\/\/sharonloew.com\/en\/colecciones\/numb3rs\/pn03\/\",\"name\":\"PN03 - Sharon Loew\",\"isPartOf\":{\"@id\":\"https:\/\/sharonloew.com\/#website\"},\"primaryImageOfPage\":{\"@id\":\"https:\/\/sharonloew.com\/en\/colecciones\/numb3rs\/pn03\/#primaryimage\"},\"image\":{\"@id\":\"https:\/\/sharonloew.com\/en\/colecciones\/numb3rs\/pn03\/#primaryimage\"},\"thumbnailUrl\":\"https:\/\/sharonloew.com\/wp-content\/uploads\/2019\/06\/sharonloew-046-1-scaled.jpg\",\"datePublished\":\"2019-06-15T02:58:27+00:00\",\"dateModified\":\"2023-04-04T20:39:49+00:00\",\"breadcrumb\":{\"@id\":\"https:\/\/sharonloew.com\/en\/colecciones\/numb3rs\/pn03\/#breadcrumb\"},\"inLanguage\":\"en-US\",\"potentialAction\":[{\"@type\":\"ReadAction\",\"target\":[\"https:\/\/sharonloew.com\/en\/colecciones\/numb3rs\/pn03\/\"]}]},{\"@type\":\"ImageObject\",\"inLanguage\":\"en-US\",\"@id\":\"https:\/\/sharonloew.com\/en\/colecciones\/numb3rs\/pn03\/#primaryimage\",\"url\":\"https:\/\/sharonloew.com\/wp-content\/uploads\/2019\/06\/sharonloew-046-1-scaled.jpg\",\"contentUrl\":\"https:\/\/sharonloew.com\/wp-content\/uploads\/2019\/06\/sharonloew-046-1-scaled.jpg\",\"width\":2560,\"height\":1707},{\"@type\":\"BreadcrumbList\",\"@id\":\"https:\/\/sharonloew.com\/en\/colecciones\/numb3rs\/pn03\/#breadcrumb\",\"itemListElement\":[{\"@type\":\"ListItem\",\"position\":1,\"name\":\"Inicio\",\"item\":\"https:\/\/sharonloew.com\/\"},{\"@type\":\"ListItem\",\"position\":2,\"name\":\"Colecciones\",\"item\":\"https:\/\/sharonloew.com\/colecciones\/\"},{\"@type\":\"ListItem\",\"position\":3,\"name\":\"NUMB3RS\",\"item\":\"https:\/\/sharonloew.com\/categoria\/numb3rs\/\"},{\"@type\":\"ListItem\",\"position\":4,\"name\":\"PN03\"}]},{\"@type\":\"WebSite\",\"@id\":\"https:\/\/sharonloew.com\/#website\",\"url\":\"https:\/\/sharonloew.com\/\",\"name\":\"Sharon Loew\",\"description\":\"Joyas y Accesorios\",\"potentialAction\":[{\"@type\":\"SearchAction\",\"target\":{\"@type\":\"EntryPoint\",\"urlTemplate\":\"https:\/\/sharonloew.com\/?s={search_term_string}\"},\"query-input\":{\"@type\":\"PropertyValueSpecification\",\"valueRequired\":true,\"valueName\":\"search_term_string\"}}],\"inLanguage\":\"en-US\"}]}<\/script>\n<!-- \/ Yoast SEO plugin. -->","yoast_head_json":{"title":"PN03 - Sharon Loew","robots":{"index":"index","follow":"follow","max-snippet":"max-snippet:-1","max-image-preview":"max-image-preview:large","max-video-preview":"max-video-preview:-1"},"canonical":"https:\/\/sharonloew.com\/en\/colecciones\/numb3rs\/pn03\/","og_locale":"en_US","og_type":"article","og_title":"PN03 - Sharon Loew","og_description":"Seg\u00fan la Numerolog\u00eda, el numero mas importante es el N\u00famero de la Trayectoria de Vida, que\u00a0 es considerado el m\u00e1s importante y es sobre el que se debe actuar para ser aut\u00e9nticamente feliz. Por actuar, se debe entender que las cualidades de este n\u00famero se muestren en tu vida. Este n\u00famero se obtiene de sumar uno a uno los d\u00edgitos de la fecha de nacimiento hasta llegar a un n\u00famero simple.  TRAYECTORIA DE VIDA 9: EL HUMANITARIO  El 9 es el n\u00famero m\u00e1s evolucionado seg\u00fan la Numerolog\u00eda; y se considera una de las m\u00e1s fuertes de todas las vibraciones.  Este Trayectoria de Vida tiene una fuerte inclinaci\u00f3n a seguir algo en lo que cree y lo persigue con gran ambici\u00f3n y empuje.  Los 9 tienen una aut\u00e9ntica consideraci\u00f3n por la humanidad, as\u00ed que en sus objetivos siempre est\u00e1n los dem\u00e1s.  Los 9 no necesitan ser el centro de atenci\u00f3n, pero en cualquier caso la gente los pone en tal posici\u00f3n.  Son muy buenos profesores, asesores escolares y terapeutas. Trabajan muy bien con los ni\u00f1os y los ni\u00f1os suelen quererlos. Son excelentes m\u00e9dicos, enfermeros y trabajadores sociales.\u00a0 Se desenvuelven bien en campos creativos como los de conferencistas, artistas, ilustradores y escritores; y son buenos m\u00fasicos y actores.  (Fuente: El Poder de los n\u00fameros\/Glynnis Mc Cants)","og_url":"https:\/\/sharonloew.com\/en\/colecciones\/numb3rs\/pn03\/","og_site_name":"Sharon Loew","article_modified_time":"2023-04-04T20:39:49+00:00","og_image":[{"width":3936,"height":2624,"url":"https:\/\/sharonloew.com\/wp-content\/uploads\/2019\/06\/sharonloew-046-1.jpg","type":"image\/jpeg"}],"twitter_card":"summary_large_image","schema":{"@context":"https:\/\/schema.org","@graph":[{"@type":"WebPage","@id":"https:\/\/sharonloew.com\/en\/colecciones\/numb3rs\/pn03\/","url":"https:\/\/sharonloew.com\/en\/colecciones\/numb3rs\/pn03\/","name":"PN03 - Sharon Loew","isPartOf":{"@id":"https:\/\/sharonloew.com\/#website"},"primaryImageOfPage":{"@id":"https:\/\/sharonloew.com\/en\/colecciones\/numb3rs\/pn03\/#primaryimage"},"image":{"@id":"https:\/\/sharonloew.com\/en\/colecciones\/numb3rs\/pn03\/#primaryimage"},"thumbnailUrl":"https:\/\/sharonloew.com\/wp-content\/uploads\/2019\/06\/sharonloew-046-1-scaled.jpg","datePublished":"2019-06-15T02:58:27+00:00","dateModified":"2023-04-04T20:39:49+00:00","breadcrumb":{"@id":"https:\/\/sharonloew.com\/en\/colecciones\/numb3rs\/pn03\/#breadcrumb"},"inLanguage":"en-US","potentialAction":[{"@type":"ReadAction","target":["https:\/\/sharonloew.com\/en\/colecciones\/numb3rs\/pn03\/"]}]},{"@type":"ImageObject","inLanguage":"en-US","@id":"https:\/\/sharonloew.com\/en\/colecciones\/numb3rs\/pn03\/#primaryimage","url":"https:\/\/sharonloew.com\/wp-content\/uploads\/2019\/06\/sharonloew-046-1-scaled.jpg","contentUrl":"https:\/\/sharonloew.com\/wp-content\/uploads\/2019\/06\/sharonloew-046-1-scaled.jpg","width":2560,"height":1707},{"@type":"BreadcrumbList","@id":"https:\/\/sharonloew.com\/en\/colecciones\/numb3rs\/pn03\/#breadcrumb","itemListElement":[{"@type":"ListItem","position":1,"name":"Inicio","item":"https:\/\/sharonloew.com\/"},{"@type":"ListItem","position":2,"name":"Colecciones","item":"https:\/\/sharonloew.com\/colecciones\/"},{"@type":"ListItem","position":3,"name":"NUMB3RS","item":"https:\/\/sharonloew.com\/categoria\/numb3rs\/"},{"@type":"ListItem","position":4,"name":"PN03"}]},{"@type":"WebSite","@id":"https:\/\/sharonloew.com\/#website","url":"https:\/\/sharonloew.com\/","name":"Sharon Loew","description":"Joyas y Accesorios","potentialAction":[{"@type":"SearchAction","target":{"@type":"EntryPoint","urlTemplate":"https:\/\/sharonloew.com\/?s={search_term_string}"},"query-input":{"@type":"PropertyValueSpecification","valueRequired":true,"valueName":"search_term_string"}}],"inLanguage":"en-US"}]}},"_links":{"self":[{"href":"https:\/\/sharonloew.com\/en\/wp-json\/wp\/v2\/product\/1647","targetHints":{"allow":["GET"]}}],"collection":[{"href":"https:\/\/sharonloew.com\/en\/wp-json\/wp\/v2\/product"}],"about":[{"href":"https:\/\/sharonloew.com\/en\/wp-json\/wp\/v2\/types\/product"}],"replies":[{"embeddable":true,"href":"https:\/\/sharonloew.com\/en\/wp-json\/wp\/v2\/comments?post=1647"}],"wp:featuredmedia":[{"embeddable":true,"href":"https:\/\/sharonloew.com\/en\/wp-json\/wp\/v2\/media\/1648"}],"wp:attachment":[{"href":"https:\/\/sharonloew.com\/en\/wp-json\/wp\/v2\/media?parent=1647"}],"wp:term":[{"taxonomy":"product_brand","embeddable":true,"href":"https:\/\/sharonloew.com\/en\/wp-json\/wp\/v2\/product_brand?post=1647"},{"taxonomy":"product_cat","embeddable":true,"href":"https:\/\/sharonloew.com\/en\/wp-json\/wp\/v2\/product_cat?post=1647"},{"taxonomy":"product_tag","embeddable":true,"href":"https:\/\/sharonloew.com\/en\/wp-json\/wp\/v2\/product_tag?post=1647"}],"curies":[{"name":"wp","href":"https:\/\/api.w.org\/{rel}","templated":true}]}}