{"id":2002,"date":"2020-05-03T18:13:13","date_gmt":"2020-05-03T18:13:13","guid":{"rendered":"https:\/\/sharonloew.com\/?post_type=product&#038;p=2002"},"modified":"2020-05-06T00:11:43","modified_gmt":"2020-05-06T00:11:43","slug":"jcm02","status":"publish","type":"product","link":"https:\/\/sharonloew.com\/en\/colecciones\/edicion-especial-corazones-para-mama\/jcm02\/","title":{"rendered":"JCM02"},"content":{"rendered":"<p>Cuando te conviertes en Mam\u00e0 por primera vez tu coraz\u00f3n se llena amor m\u00e1s inmenso y profundo que alguna vez pudiste imaginar.<\/p>\n<p>Antes de convertirte\u00a0 en Mam\u00e1 por segunda vez, no sabes exactamente c\u00f3mo se puede amar a dos, a tres o a m\u00e1s con esa misma intensidad, porque tu coraz\u00f3n ya est\u00e1 tan repleto de amor que pareciera imposible.<\/p>\n<p>Pero cuando ocurre el milagro de saberte mam\u00e1 de nuevo, te das cuenta que tu coraz\u00f3n si puede albergar a\u00fan m\u00e1s amor de la misma intensidad y pureza que la primera vez, como si se multiplicara.<\/p>\n<p>Por eso, en esta oportunidad honrando ese amor puro, profundo e inmenso, creamos nuestra Edici\u00f3n Especial Corazones para Mam\u00e1.<\/p>\n<p>En ella puedes escoger el n\u00famero de corazones que quieras, seg\u00fan el n\u00famero de hijos que tenga Mam\u00e1.<\/p>\n<p>Esperamos que les guste y la disfruten tanto como nosotros al crearla!<\/p>","protected":false},"excerpt":{"rendered":"<p>Cadena de eslabones en ba\u00f1o de oro, con balines en ba\u00f1o de plata y 2 corazones ba\u00f1ados en oro.<\/p>","protected":false},"featured_media":2003,"comment_status":"open","ping_status":"closed","template":"","meta":{"_acf_changed":false},"product_brand":[],"product_cat":[175],"product_tag":[],"class_list":{"0":"post-2002","1":"product","2":"type-product","3":"status-publish","4":"has-post-thumbnail","6":"product_cat-edicion-especial-corazones-para-mama","8":"first","9":"instock","10":"shipping-taxable","11":"purchasable","12":"product-type-simple"},"acf":[],"yoast_head":"<!-- This site is optimized with the Yoast SEO plugin v26.4 - https:\/\/yoast.com\/wordpress\/plugins\/seo\/ -->\n<title>JCM02 - Sharon Loew<\/title>\n<meta name=\"robots\" content=\"index, follow, max-snippet:-1, max-image-preview:large, max-video-preview:-1\" \/>\n<link rel=\"canonical\" href=\"https:\/\/sharonloew.com\/en\/colecciones\/edicion-especial-corazones-para-mama\/jcm02\/\" \/>\n<meta property=\"og:locale\" content=\"en_US\" \/>\n<meta property=\"og:type\" content=\"article\" \/>\n<meta property=\"og:title\" content=\"JCM02 - Sharon Loew\" \/>\n<meta property=\"og:description\" content=\"Cadena de eslabones en ba\u00f1o de oro, con balines en ba\u00f1o de plata y 2 corazones ba\u00f1ados en oro.\" \/>\n<meta property=\"og:url\" content=\"https:\/\/sharonloew.com\/en\/colecciones\/edicion-especial-corazones-para-mama\/jcm02\/\" \/>\n<meta property=\"og:site_name\" content=\"Sharon Loew\" \/>\n<meta property=\"article:modified_time\" content=\"2020-05-06T00:11:43+00:00\" \/>\n<meta property=\"og:image\" content=\"https:\/\/sharonloew.com\/wp-content\/uploads\/2020\/05\/JCM02..-669x1024.jpg\" \/>\n\t<meta property=\"og:image:width\" content=\"669\" \/>\n\t<meta property=\"og:image:height\" content=\"1024\" \/>\n\t<meta property=\"og:image:type\" content=\"image\/jpeg\" \/>\n<meta name=\"twitter:card\" content=\"summary_large_image\" \/>\n<meta name=\"twitter:label1\" content=\"Est. reading time\" \/>\n\t<meta name=\"twitter:data1\" content=\"1 minute\" \/>\n<script type=\"application\/ld+json\" class=\"yoast-schema-graph\">{\"@context\":\"https:\/\/schema.org\",\"@graph\":[{\"@type\":\"WebPage\",\"@id\":\"https:\/\/sharonloew.com\/en\/colecciones\/edicion-especial-corazones-para-mama\/jcm02\/\",\"url\":\"https:\/\/sharonloew.com\/en\/colecciones\/edicion-especial-corazones-para-mama\/jcm02\/\",\"name\":\"JCM02 - Sharon Loew\",\"isPartOf\":{\"@id\":\"https:\/\/sharonloew.com\/#website\"},\"primaryImageOfPage\":{\"@id\":\"https:\/\/sharonloew.com\/en\/colecciones\/edicion-especial-corazones-para-mama\/jcm02\/#primaryimage\"},\"image\":{\"@id\":\"https:\/\/sharonloew.com\/en\/colecciones\/edicion-especial-corazones-para-mama\/jcm02\/#primaryimage\"},\"thumbnailUrl\":\"https:\/\/sharonloew.com\/wp-content\/uploads\/2020\/05\/JCM02..-scaled.jpg\",\"datePublished\":\"2020-05-03T18:13:13+00:00\",\"dateModified\":\"2020-05-06T00:11:43+00:00\",\"breadcrumb\":{\"@id\":\"https:\/\/sharonloew.com\/en\/colecciones\/edicion-especial-corazones-para-mama\/jcm02\/#breadcrumb\"},\"inLanguage\":\"en-US\",\"potentialAction\":[{\"@type\":\"ReadAction\",\"target\":[\"https:\/\/sharonloew.com\/en\/colecciones\/edicion-especial-corazones-para-mama\/jcm02\/\"]}]},{\"@type\":\"ImageObject\",\"inLanguage\":\"en-US\",\"@id\":\"https:\/\/sharonloew.com\/en\/colecciones\/edicion-especial-corazones-para-mama\/jcm02\/#primaryimage\",\"url\":\"https:\/\/sharonloew.com\/wp-content\/uploads\/2020\/05\/JCM02..-scaled.jpg\",\"contentUrl\":\"https:\/\/sharonloew.com\/wp-content\/uploads\/2020\/05\/JCM02..-scaled.jpg\",\"width\":1673,\"height\":2560},{\"@type\":\"BreadcrumbList\",\"@id\":\"https:\/\/sharonloew.com\/en\/colecciones\/edicion-especial-corazones-para-mama\/jcm02\/#breadcrumb\",\"itemListElement\":[{\"@type\":\"ListItem\",\"position\":1,\"name\":\"Inicio\",\"item\":\"https:\/\/sharonloew.com\/\"},{\"@type\":\"ListItem\",\"position\":2,\"name\":\"Colecciones\",\"item\":\"https:\/\/sharonloew.com\/colecciones\/\"},{\"@type\":\"ListItem\",\"position\":3,\"name\":\"EDICI\u00d3N ESPECIAL CORAZONES PARA MAM\u00c1\",\"item\":\"https:\/\/sharonloew.com\/categoria\/edicion-especial-corazones-para-mama\/\"},{\"@type\":\"ListItem\",\"position\":4,\"name\":\"JCM02\"}]},{\"@type\":\"WebSite\",\"@id\":\"https:\/\/sharonloew.com\/#website\",\"url\":\"https:\/\/sharonloew.com\/\",\"name\":\"Sharon Loew\",\"description\":\"Joyas y Accesorios\",\"potentialAction\":[{\"@type\":\"SearchAction\",\"target\":{\"@type\":\"EntryPoint\",\"urlTemplate\":\"https:\/\/sharonloew.com\/?s={search_term_string}\"},\"query-input\":{\"@type\":\"PropertyValueSpecification\",\"valueRequired\":true,\"valueName\":\"search_term_string\"}}],\"inLanguage\":\"en-US\"}]}<\/script>\n<!-- \/ Yoast SEO plugin. -->","yoast_head_json":{"title":"JCM02 - Sharon Loew","robots":{"index":"index","follow":"follow","max-snippet":"max-snippet:-1","max-image-preview":"max-image-preview:large","max-video-preview":"max-video-preview:-1"},"canonical":"https:\/\/sharonloew.com\/en\/colecciones\/edicion-especial-corazones-para-mama\/jcm02\/","og_locale":"en_US","og_type":"article","og_title":"JCM02 - Sharon Loew","og_description":"Cadena de eslabones en ba\u00f1o de oro, con balines en ba\u00f1o de plata y 2 corazones ba\u00f1ados en oro.","og_url":"https:\/\/sharonloew.com\/en\/colecciones\/edicion-especial-corazones-para-mama\/jcm02\/","og_site_name":"Sharon Loew","article_modified_time":"2020-05-06T00:11:43+00:00","og_image":[{"width":669,"height":1024,"url":"https:\/\/sharonloew.com\/wp-content\/uploads\/2020\/05\/JCM02..-669x1024.jpg","type":"image\/jpeg"}],"twitter_card":"summary_large_image","twitter_misc":{"Est. reading time":"1 minute"},"schema":{"@context":"https:\/\/schema.org","@graph":[{"@type":"WebPage","@id":"https:\/\/sharonloew.com\/en\/colecciones\/edicion-especial-corazones-para-mama\/jcm02\/","url":"https:\/\/sharonloew.com\/en\/colecciones\/edicion-especial-corazones-para-mama\/jcm02\/","name":"JCM02 - Sharon Loew","isPartOf":{"@id":"https:\/\/sharonloew.com\/#website"},"primaryImageOfPage":{"@id":"https:\/\/sharonloew.com\/en\/colecciones\/edicion-especial-corazones-para-mama\/jcm02\/#primaryimage"},"image":{"@id":"https:\/\/sharonloew.com\/en\/colecciones\/edicion-especial-corazones-para-mama\/jcm02\/#primaryimage"},"thumbnailUrl":"https:\/\/sharonloew.com\/wp-content\/uploads\/2020\/05\/JCM02..-scaled.jpg","datePublished":"2020-05-03T18:13:13+00:00","dateModified":"2020-05-06T00:11:43+00:00","breadcrumb":{"@id":"https:\/\/sharonloew.com\/en\/colecciones\/edicion-especial-corazones-para-mama\/jcm02\/#breadcrumb"},"inLanguage":"en-US","potentialAction":[{"@type":"ReadAction","target":["https:\/\/sharonloew.com\/en\/colecciones\/edicion-especial-corazones-para-mama\/jcm02\/"]}]},{"@type":"ImageObject","inLanguage":"en-US","@id":"https:\/\/sharonloew.com\/en\/colecciones\/edicion-especial-corazones-para-mama\/jcm02\/#primaryimage","url":"https:\/\/sharonloew.com\/wp-content\/uploads\/2020\/05\/JCM02..-scaled.jpg","contentUrl":"https:\/\/sharonloew.com\/wp-content\/uploads\/2020\/05\/JCM02..-scaled.jpg","width":1673,"height":2560},{"@type":"BreadcrumbList","@id":"https:\/\/sharonloew.com\/en\/colecciones\/edicion-especial-corazones-para-mama\/jcm02\/#breadcrumb","itemListElement":[{"@type":"ListItem","position":1,"name":"Inicio","item":"https:\/\/sharonloew.com\/"},{"@type":"ListItem","position":2,"name":"Colecciones","item":"https:\/\/sharonloew.com\/colecciones\/"},{"@type":"ListItem","position":3,"name":"EDICI\u00d3N ESPECIAL CORAZONES PARA MAM\u00c1","item":"https:\/\/sharonloew.com\/categoria\/edicion-especial-corazones-para-mama\/"},{"@type":"ListItem","position":4,"name":"JCM02"}]},{"@type":"WebSite","@id":"https:\/\/sharonloew.com\/#website","url":"https:\/\/sharonloew.com\/","name":"Sharon Loew","description":"Joyas y Accesorios","potentialAction":[{"@type":"SearchAction","target":{"@type":"EntryPoint","urlTemplate":"https:\/\/sharonloew.com\/?s={search_term_string}"},"query-input":{"@type":"PropertyValueSpecification","valueRequired":true,"valueName":"search_term_string"}}],"inLanguage":"en-US"}]}},"_links":{"self":[{"href":"https:\/\/sharonloew.com\/en\/wp-json\/wp\/v2\/product\/2002","targetHints":{"allow":["GET"]}}],"collection":[{"href":"https:\/\/sharonloew.com\/en\/wp-json\/wp\/v2\/product"}],"about":[{"href":"https:\/\/sharonloew.com\/en\/wp-json\/wp\/v2\/types\/product"}],"replies":[{"embeddable":true,"href":"https:\/\/sharonloew.com\/en\/wp-json\/wp\/v2\/comments?post=2002"}],"wp:featuredmedia":[{"embeddable":true,"href":"https:\/\/sharonloew.com\/en\/wp-json\/wp\/v2\/media\/2003"}],"wp:attachment":[{"href":"https:\/\/sharonloew.com\/en\/wp-json\/wp\/v2\/media?parent=2002"}],"wp:term":[{"taxonomy":"product_brand","embeddable":true,"href":"https:\/\/sharonloew.com\/en\/wp-json\/wp\/v2\/product_brand?post=2002"},{"taxonomy":"product_cat","embeddable":true,"href":"https:\/\/sharonloew.com\/en\/wp-json\/wp\/v2\/product_cat?post=2002"},{"taxonomy":"product_tag","embeddable":true,"href":"https:\/\/sharonloew.com\/en\/wp-json\/wp\/v2\/product_tag?post=2002"}],"curies":[{"name":"wp","href":"https:\/\/api.w.org\/{rel}","templated":true}]}}