{"id":2089,"date":"2020-05-14T20:24:29","date_gmt":"2020-05-14T20:24:29","guid":{"rendered":"https:\/\/sharonloew.com\/?post_type=product&#038;p=2089"},"modified":"2020-11-24T06:36:49","modified_gmt":"2020-11-24T06:36:49","slug":"phope02","status":"publish","type":"product","link":"https:\/\/sharonloew.com\/en\/colecciones\/edicion-especial-hope\/phope02\/","title":{"rendered":"PHOPE02"},"content":{"rendered":"<p>Esta pieza es una creaci\u00f3n muy especial porque fue el resultado de los testimonios de nuestra comunidad (acerca de lo que han sentido y vivido durante el tiempo de cuarentena),\u00a0 que se pueden resumir en 3 cosas: tiempo, amor y fe.<\/p>\n<p>El tiempo, -representado por el reloj-, que para muchos se ha hecho eterno, para otros maravilloso por poder ser aprovechado con sus seres queridos y para otros perdi\u00f3 importancia porque ya no hay prisa.<\/p>\n<p>El amor -representado por la medalla con la inscripci\u00f3n love-, que se traduce tanto en amor propio como en amor hacia los dem\u00e1s. El amor propio de dedicarse tiempo, de saberse suficientes y de cuidarse a s\u00ed mismos. El amor hacia los dem\u00e1s que es hacia los padres, hacia los hijos y hacia el pr\u00f3jimo.<\/p>\n<p>Y por \u00faltimo, pero no menos importante: la fe -representada por la medalla de la Virgen-, que les ha permitido acercarse m\u00e1s a la espiritualidad; y apreciar y agradecer los peque\u00f1os milagros y bendiciones de la vida.<\/p>","protected":false},"excerpt":{"rendered":"<p>Pulsera -collar de cord\u00f3n tejida a mano, con dijes ba\u00f1ados en oro y perlas sint\u00e9ticas.<\/p>","protected":false},"featured_media":2090,"comment_status":"open","ping_status":"closed","template":"","meta":{"_acf_changed":false},"product_brand":[],"product_cat":[177],"product_tag":[],"class_list":{"0":"post-2089","1":"product","2":"type-product","3":"status-publish","4":"has-post-thumbnail","6":"product_cat-edicion-especial-hope","8":"first","9":"instock","10":"shipping-taxable","11":"purchasable","12":"product-type-simple"},"acf":[],"yoast_head":"<!-- This site is optimized with the Yoast SEO plugin v26.4 - https:\/\/yoast.com\/wordpress\/plugins\/seo\/ -->\n<title>PHOPE02 - Sharon Loew<\/title>\n<meta name=\"robots\" content=\"index, follow, max-snippet:-1, max-image-preview:large, max-video-preview:-1\" \/>\n<link rel=\"canonical\" href=\"https:\/\/sharonloew.com\/en\/colecciones\/edicion-especial-hope\/phope02\/\" \/>\n<meta property=\"og:locale\" content=\"en_US\" \/>\n<meta property=\"og:type\" content=\"article\" \/>\n<meta property=\"og:title\" content=\"PHOPE02 - Sharon Loew\" \/>\n<meta property=\"og:description\" content=\"Pulsera -collar de cord\u00f3n tejida a mano, con dijes ba\u00f1ados en oro y perlas sint\u00e9ticas.\" \/>\n<meta property=\"og:url\" content=\"https:\/\/sharonloew.com\/en\/colecciones\/edicion-especial-hope\/phope02\/\" \/>\n<meta property=\"og:site_name\" content=\"Sharon Loew\" \/>\n<meta property=\"article:modified_time\" content=\"2020-11-24T06:36:49+00:00\" \/>\n<meta property=\"og:image\" content=\"https:\/\/sharonloew.com\/wp-content\/uploads\/2020\/05\/DSC00010-1024x623.jpg\" \/>\n\t<meta property=\"og:image:width\" content=\"1024\" \/>\n\t<meta property=\"og:image:height\" content=\"623\" \/>\n\t<meta property=\"og:image:type\" content=\"image\/jpeg\" \/>\n<meta name=\"twitter:card\" content=\"summary_large_image\" \/>\n<meta name=\"twitter:label1\" content=\"Est. reading time\" \/>\n\t<meta name=\"twitter:data1\" content=\"1 minute\" \/>\n<script type=\"application\/ld+json\" class=\"yoast-schema-graph\">{\"@context\":\"https:\/\/schema.org\",\"@graph\":[{\"@type\":\"WebPage\",\"@id\":\"https:\/\/sharonloew.com\/en\/colecciones\/edicion-especial-hope\/phope02\/\",\"url\":\"https:\/\/sharonloew.com\/en\/colecciones\/edicion-especial-hope\/phope02\/\",\"name\":\"PHOPE02 - Sharon Loew\",\"isPartOf\":{\"@id\":\"https:\/\/sharonloew.com\/#website\"},\"primaryImageOfPage\":{\"@id\":\"https:\/\/sharonloew.com\/en\/colecciones\/edicion-especial-hope\/phope02\/#primaryimage\"},\"image\":{\"@id\":\"https:\/\/sharonloew.com\/en\/colecciones\/edicion-especial-hope\/phope02\/#primaryimage\"},\"thumbnailUrl\":\"https:\/\/sharonloew.com\/wp-content\/uploads\/2020\/05\/DSC00010-scaled.jpg\",\"datePublished\":\"2020-05-14T20:24:29+00:00\",\"dateModified\":\"2020-11-24T06:36:49+00:00\",\"breadcrumb\":{\"@id\":\"https:\/\/sharonloew.com\/en\/colecciones\/edicion-especial-hope\/phope02\/#breadcrumb\"},\"inLanguage\":\"en-US\",\"potentialAction\":[{\"@type\":\"ReadAction\",\"target\":[\"https:\/\/sharonloew.com\/en\/colecciones\/edicion-especial-hope\/phope02\/\"]}]},{\"@type\":\"ImageObject\",\"inLanguage\":\"en-US\",\"@id\":\"https:\/\/sharonloew.com\/en\/colecciones\/edicion-especial-hope\/phope02\/#primaryimage\",\"url\":\"https:\/\/sharonloew.com\/wp-content\/uploads\/2020\/05\/DSC00010-scaled.jpg\",\"contentUrl\":\"https:\/\/sharonloew.com\/wp-content\/uploads\/2020\/05\/DSC00010-scaled.jpg\",\"width\":2560,\"height\":1557},{\"@type\":\"BreadcrumbList\",\"@id\":\"https:\/\/sharonloew.com\/en\/colecciones\/edicion-especial-hope\/phope02\/#breadcrumb\",\"itemListElement\":[{\"@type\":\"ListItem\",\"position\":1,\"name\":\"Inicio\",\"item\":\"https:\/\/sharonloew.com\/\"},{\"@type\":\"ListItem\",\"position\":2,\"name\":\"Colecciones\",\"item\":\"https:\/\/sharonloew.com\/colecciones\/\"},{\"@type\":\"ListItem\",\"position\":3,\"name\":\"EDICI\u00d3N ESPECIAL HOPE\",\"item\":\"https:\/\/sharonloew.com\/en\/categoria\/edicion-especial-hope\/\"},{\"@type\":\"ListItem\",\"position\":4,\"name\":\"PHOPE02\"}]},{\"@type\":\"WebSite\",\"@id\":\"https:\/\/sharonloew.com\/#website\",\"url\":\"https:\/\/sharonloew.com\/\",\"name\":\"Sharon Loew\",\"description\":\"Joyas y Accesorios\",\"potentialAction\":[{\"@type\":\"SearchAction\",\"target\":{\"@type\":\"EntryPoint\",\"urlTemplate\":\"https:\/\/sharonloew.com\/?s={search_term_string}\"},\"query-input\":{\"@type\":\"PropertyValueSpecification\",\"valueRequired\":true,\"valueName\":\"search_term_string\"}}],\"inLanguage\":\"en-US\"}]}<\/script>\n<!-- \/ Yoast SEO plugin. -->","yoast_head_json":{"title":"PHOPE02 - Sharon Loew","robots":{"index":"index","follow":"follow","max-snippet":"max-snippet:-1","max-image-preview":"max-image-preview:large","max-video-preview":"max-video-preview:-1"},"canonical":"https:\/\/sharonloew.com\/en\/colecciones\/edicion-especial-hope\/phope02\/","og_locale":"en_US","og_type":"article","og_title":"PHOPE02 - Sharon Loew","og_description":"Pulsera -collar de cord\u00f3n tejida a mano, con dijes ba\u00f1ados en oro y perlas sint\u00e9ticas.","og_url":"https:\/\/sharonloew.com\/en\/colecciones\/edicion-especial-hope\/phope02\/","og_site_name":"Sharon Loew","article_modified_time":"2020-11-24T06:36:49+00:00","og_image":[{"width":1024,"height":623,"url":"https:\/\/sharonloew.com\/wp-content\/uploads\/2020\/05\/DSC00010-1024x623.jpg","type":"image\/jpeg"}],"twitter_card":"summary_large_image","twitter_misc":{"Est. reading time":"1 minute"},"schema":{"@context":"https:\/\/schema.org","@graph":[{"@type":"WebPage","@id":"https:\/\/sharonloew.com\/en\/colecciones\/edicion-especial-hope\/phope02\/","url":"https:\/\/sharonloew.com\/en\/colecciones\/edicion-especial-hope\/phope02\/","name":"PHOPE02 - Sharon Loew","isPartOf":{"@id":"https:\/\/sharonloew.com\/#website"},"primaryImageOfPage":{"@id":"https:\/\/sharonloew.com\/en\/colecciones\/edicion-especial-hope\/phope02\/#primaryimage"},"image":{"@id":"https:\/\/sharonloew.com\/en\/colecciones\/edicion-especial-hope\/phope02\/#primaryimage"},"thumbnailUrl":"https:\/\/sharonloew.com\/wp-content\/uploads\/2020\/05\/DSC00010-scaled.jpg","datePublished":"2020-05-14T20:24:29+00:00","dateModified":"2020-11-24T06:36:49+00:00","breadcrumb":{"@id":"https:\/\/sharonloew.com\/en\/colecciones\/edicion-especial-hope\/phope02\/#breadcrumb"},"inLanguage":"en-US","potentialAction":[{"@type":"ReadAction","target":["https:\/\/sharonloew.com\/en\/colecciones\/edicion-especial-hope\/phope02\/"]}]},{"@type":"ImageObject","inLanguage":"en-US","@id":"https:\/\/sharonloew.com\/en\/colecciones\/edicion-especial-hope\/phope02\/#primaryimage","url":"https:\/\/sharonloew.com\/wp-content\/uploads\/2020\/05\/DSC00010-scaled.jpg","contentUrl":"https:\/\/sharonloew.com\/wp-content\/uploads\/2020\/05\/DSC00010-scaled.jpg","width":2560,"height":1557},{"@type":"BreadcrumbList","@id":"https:\/\/sharonloew.com\/en\/colecciones\/edicion-especial-hope\/phope02\/#breadcrumb","itemListElement":[{"@type":"ListItem","position":1,"name":"Inicio","item":"https:\/\/sharonloew.com\/"},{"@type":"ListItem","position":2,"name":"Colecciones","item":"https:\/\/sharonloew.com\/colecciones\/"},{"@type":"ListItem","position":3,"name":"EDICI\u00d3N ESPECIAL HOPE","item":"https:\/\/sharonloew.com\/en\/categoria\/edicion-especial-hope\/"},{"@type":"ListItem","position":4,"name":"PHOPE02"}]},{"@type":"WebSite","@id":"https:\/\/sharonloew.com\/#website","url":"https:\/\/sharonloew.com\/","name":"Sharon Loew","description":"Joyas y Accesorios","potentialAction":[{"@type":"SearchAction","target":{"@type":"EntryPoint","urlTemplate":"https:\/\/sharonloew.com\/?s={search_term_string}"},"query-input":{"@type":"PropertyValueSpecification","valueRequired":true,"valueName":"search_term_string"}}],"inLanguage":"en-US"}]}},"_links":{"self":[{"href":"https:\/\/sharonloew.com\/en\/wp-json\/wp\/v2\/product\/2089","targetHints":{"allow":["GET"]}}],"collection":[{"href":"https:\/\/sharonloew.com\/en\/wp-json\/wp\/v2\/product"}],"about":[{"href":"https:\/\/sharonloew.com\/en\/wp-json\/wp\/v2\/types\/product"}],"replies":[{"embeddable":true,"href":"https:\/\/sharonloew.com\/en\/wp-json\/wp\/v2\/comments?post=2089"}],"wp:featuredmedia":[{"embeddable":true,"href":"https:\/\/sharonloew.com\/en\/wp-json\/wp\/v2\/media\/2090"}],"wp:attachment":[{"href":"https:\/\/sharonloew.com\/en\/wp-json\/wp\/v2\/media?parent=2089"}],"wp:term":[{"taxonomy":"product_brand","embeddable":true,"href":"https:\/\/sharonloew.com\/en\/wp-json\/wp\/v2\/product_brand?post=2089"},{"taxonomy":"product_cat","embeddable":true,"href":"https:\/\/sharonloew.com\/en\/wp-json\/wp\/v2\/product_cat?post=2089"},{"taxonomy":"product_tag","embeddable":true,"href":"https:\/\/sharonloew.com\/en\/wp-json\/wp\/v2\/product_tag?post=2089"}],"curies":[{"name":"wp","href":"https:\/\/api.w.org\/{rel}","templated":true}]}}