{"id":2156,"date":"2020-08-08T23:35:00","date_gmt":"2020-08-08T23:35:00","guid":{"rendered":"https:\/\/sharonloew.com\/?post_type=product&#038;p=2156"},"modified":"2023-12-11T00:19:30","modified_gmt":"2023-12-11T00:19:30","slug":"jcn01-geminis","status":"publish","type":"product","link":"https:\/\/sharonloew.com\/en\/colecciones\/constelaciones\/jcn01-geminis\/","title":{"rendered":"JCN01 GEMINIS"},"content":{"rendered":"<p>Collar elaborado en aleaci\u00f3n de cobre ba\u00f1ado en oro amarillo 24k y zircones.<\/p>\n<p>Longitud: 40 cm \/ 15 Pulgadas.<\/p>","protected":false},"excerpt":{"rendered":"<p>Es un signo del elemento Aire.<\/p>\n<p>Est\u00e1 representado por los Gemelos, que se asocian a la dualidad de la mente; y por ende a su capacidad de ver las dos caras de la misma moneda.<\/p>\n<p>Las personas regidas por este signo se caracterizan por ser emp\u00e1ticos, ya que tienen la capacidad de ver los dos puntos de vista de una misma situaci\u00f3n, son comunicadores por excelencia y viven en la constante b\u00fasqueda de est\u00edmulos en el mundo que los rodea.<\/p>\n<p>Las<strong>\u00a0<\/strong>piedras y gemas\u00a0que de este signo que les ayudan a enfocar mejor sus energ\u00edas son el \u00c1mbar, el Topacio y el Ojo de Tigre.<\/p>","protected":false},"featured_media":2146,"comment_status":"open","ping_status":"closed","template":"","meta":{"_acf_changed":false},"product_brand":[],"product_cat":[178],"product_tag":[],"class_list":{"0":"post-2156","1":"product","2":"type-product","3":"status-publish","4":"has-post-thumbnail","6":"product_cat-constelaciones","8":"first","9":"instock","10":"shipping-taxable","11":"purchasable","12":"product-type-simple"},"acf":[],"yoast_head":"<!-- This site is optimized with the Yoast SEO plugin v26.4 - https:\/\/yoast.com\/wordpress\/plugins\/seo\/ -->\n<title>JCN01 GEMINIS - Sharon Loew<\/title>\n<meta name=\"robots\" content=\"index, follow, max-snippet:-1, max-image-preview:large, max-video-preview:-1\" \/>\n<link rel=\"canonical\" href=\"https:\/\/sharonloew.com\/en\/colecciones\/constelaciones\/jcn01-geminis\/\" \/>\n<meta property=\"og:locale\" content=\"en_US\" \/>\n<meta property=\"og:type\" content=\"article\" \/>\n<meta property=\"og:title\" content=\"JCN01 GEMINIS - Sharon Loew\" \/>\n<meta property=\"og:description\" content=\"Es un signo del elemento Aire.  Est\u00e1 representado por los Gemelos, que se asocian a la dualidad de la mente; y por ende a su capacidad de ver las dos caras de la misma moneda.  Las personas regidas por este signo se caracterizan por ser emp\u00e1ticos, ya que tienen la capacidad de ver los dos puntos de vista de una misma situaci\u00f3n, son comunicadores por excelencia y viven en la constante b\u00fasqueda de est\u00edmulos en el mundo que los rodea.  Las\u00a0piedras y gemas\u00a0que de este signo que les ayudan a enfocar mejor sus energ\u00edas son el \u00c1mbar, el Topacio y el Ojo de Tigre.\" \/>\n<meta property=\"og:url\" content=\"https:\/\/sharonloew.com\/en\/colecciones\/constelaciones\/jcn01-geminis\/\" \/>\n<meta property=\"og:site_name\" content=\"Sharon Loew\" \/>\n<meta property=\"article:modified_time\" content=\"2023-12-11T00:19:30+00:00\" \/>\n<meta property=\"og:image\" content=\"https:\/\/sharonloew.com\/wp-content\/uploads\/2020\/08\/6.-GEMINIS.jpg\" \/>\n\t<meta property=\"og:image:width\" content=\"2000\" \/>\n\t<meta property=\"og:image:height\" content=\"1989\" \/>\n\t<meta property=\"og:image:type\" content=\"image\/jpeg\" \/>\n<meta name=\"twitter:card\" content=\"summary_large_image\" \/>\n<meta name=\"twitter:label1\" content=\"Est. reading time\" \/>\n\t<meta name=\"twitter:data1\" content=\"1 minute\" \/>\n<script type=\"application\/ld+json\" class=\"yoast-schema-graph\">{\"@context\":\"https:\/\/schema.org\",\"@graph\":[{\"@type\":\"WebPage\",\"@id\":\"https:\/\/sharonloew.com\/colecciones\/constelaciones\/jcn01-geminis\/\",\"url\":\"https:\/\/sharonloew.com\/colecciones\/constelaciones\/jcn01-geminis\/\",\"name\":\"JCN01 GEMINIS - Sharon Loew\",\"isPartOf\":{\"@id\":\"https:\/\/sharonloew.com\/#website\"},\"primaryImageOfPage\":{\"@id\":\"https:\/\/sharonloew.com\/colecciones\/constelaciones\/jcn01-geminis\/#primaryimage\"},\"image\":{\"@id\":\"https:\/\/sharonloew.com\/colecciones\/constelaciones\/jcn01-geminis\/#primaryimage\"},\"thumbnailUrl\":\"https:\/\/sharonloew.com\/wp-content\/uploads\/2020\/08\/6.-GEMINIS.jpg\",\"datePublished\":\"2020-08-08T23:35:00+00:00\",\"dateModified\":\"2023-12-11T00:19:30+00:00\",\"breadcrumb\":{\"@id\":\"https:\/\/sharonloew.com\/colecciones\/constelaciones\/jcn01-geminis\/#breadcrumb\"},\"inLanguage\":\"en-US\",\"potentialAction\":[{\"@type\":\"ReadAction\",\"target\":[\"https:\/\/sharonloew.com\/colecciones\/constelaciones\/jcn01-geminis\/\"]}]},{\"@type\":\"ImageObject\",\"inLanguage\":\"en-US\",\"@id\":\"https:\/\/sharonloew.com\/colecciones\/constelaciones\/jcn01-geminis\/#primaryimage\",\"url\":\"https:\/\/sharonloew.com\/wp-content\/uploads\/2020\/08\/6.-GEMINIS.jpg\",\"contentUrl\":\"https:\/\/sharonloew.com\/wp-content\/uploads\/2020\/08\/6.-GEMINIS.jpg\",\"width\":2000,\"height\":1989},{\"@type\":\"BreadcrumbList\",\"@id\":\"https:\/\/sharonloew.com\/colecciones\/constelaciones\/jcn01-geminis\/#breadcrumb\",\"itemListElement\":[{\"@type\":\"ListItem\",\"position\":1,\"name\":\"Inicio\",\"item\":\"https:\/\/sharonloew.com\/\"},{\"@type\":\"ListItem\",\"position\":2,\"name\":\"Colecciones\",\"item\":\"https:\/\/sharonloew.com\/colecciones\/\"},{\"@type\":\"ListItem\",\"position\":3,\"name\":\"CONSTELACIONES\",\"item\":\"https:\/\/sharonloew.com\/categoria\/constelaciones\/\"},{\"@type\":\"ListItem\",\"position\":4,\"name\":\"JCN01 GEMINIS\"}]},{\"@type\":\"WebSite\",\"@id\":\"https:\/\/sharonloew.com\/#website\",\"url\":\"https:\/\/sharonloew.com\/\",\"name\":\"Sharon Loew\",\"description\":\"Joyas y Accesorios\",\"potentialAction\":[{\"@type\":\"SearchAction\",\"target\":{\"@type\":\"EntryPoint\",\"urlTemplate\":\"https:\/\/sharonloew.com\/?s={search_term_string}\"},\"query-input\":{\"@type\":\"PropertyValueSpecification\",\"valueRequired\":true,\"valueName\":\"search_term_string\"}}],\"inLanguage\":\"en-US\"}]}<\/script>\n<!-- \/ Yoast SEO plugin. -->","yoast_head_json":{"title":"JCN01 GEMINIS - Sharon Loew","robots":{"index":"index","follow":"follow","max-snippet":"max-snippet:-1","max-image-preview":"max-image-preview:large","max-video-preview":"max-video-preview:-1"},"canonical":"https:\/\/sharonloew.com\/en\/colecciones\/constelaciones\/jcn01-geminis\/","og_locale":"en_US","og_type":"article","og_title":"JCN01 GEMINIS - Sharon Loew","og_description":"Es un signo del elemento Aire.  Est\u00e1 representado por los Gemelos, que se asocian a la dualidad de la mente; y por ende a su capacidad de ver las dos caras de la misma moneda.  Las personas regidas por este signo se caracterizan por ser emp\u00e1ticos, ya que tienen la capacidad de ver los dos puntos de vista de una misma situaci\u00f3n, son comunicadores por excelencia y viven en la constante b\u00fasqueda de est\u00edmulos en el mundo que los rodea.  Las\u00a0piedras y gemas\u00a0que de este signo que les ayudan a enfocar mejor sus energ\u00edas son el \u00c1mbar, el Topacio y el Ojo de Tigre.","og_url":"https:\/\/sharonloew.com\/en\/colecciones\/constelaciones\/jcn01-geminis\/","og_site_name":"Sharon Loew","article_modified_time":"2023-12-11T00:19:30+00:00","og_image":[{"width":2000,"height":1989,"url":"https:\/\/sharonloew.com\/wp-content\/uploads\/2020\/08\/6.-GEMINIS.jpg","type":"image\/jpeg"}],"twitter_card":"summary_large_image","twitter_misc":{"Est. reading time":"1 minute"},"schema":{"@context":"https:\/\/schema.org","@graph":[{"@type":"WebPage","@id":"https:\/\/sharonloew.com\/colecciones\/constelaciones\/jcn01-geminis\/","url":"https:\/\/sharonloew.com\/colecciones\/constelaciones\/jcn01-geminis\/","name":"JCN01 GEMINIS - Sharon Loew","isPartOf":{"@id":"https:\/\/sharonloew.com\/#website"},"primaryImageOfPage":{"@id":"https:\/\/sharonloew.com\/colecciones\/constelaciones\/jcn01-geminis\/#primaryimage"},"image":{"@id":"https:\/\/sharonloew.com\/colecciones\/constelaciones\/jcn01-geminis\/#primaryimage"},"thumbnailUrl":"https:\/\/sharonloew.com\/wp-content\/uploads\/2020\/08\/6.-GEMINIS.jpg","datePublished":"2020-08-08T23:35:00+00:00","dateModified":"2023-12-11T00:19:30+00:00","breadcrumb":{"@id":"https:\/\/sharonloew.com\/colecciones\/constelaciones\/jcn01-geminis\/#breadcrumb"},"inLanguage":"en-US","potentialAction":[{"@type":"ReadAction","target":["https:\/\/sharonloew.com\/colecciones\/constelaciones\/jcn01-geminis\/"]}]},{"@type":"ImageObject","inLanguage":"en-US","@id":"https:\/\/sharonloew.com\/colecciones\/constelaciones\/jcn01-geminis\/#primaryimage","url":"https:\/\/sharonloew.com\/wp-content\/uploads\/2020\/08\/6.-GEMINIS.jpg","contentUrl":"https:\/\/sharonloew.com\/wp-content\/uploads\/2020\/08\/6.-GEMINIS.jpg","width":2000,"height":1989},{"@type":"BreadcrumbList","@id":"https:\/\/sharonloew.com\/colecciones\/constelaciones\/jcn01-geminis\/#breadcrumb","itemListElement":[{"@type":"ListItem","position":1,"name":"Inicio","item":"https:\/\/sharonloew.com\/"},{"@type":"ListItem","position":2,"name":"Colecciones","item":"https:\/\/sharonloew.com\/colecciones\/"},{"@type":"ListItem","position":3,"name":"CONSTELACIONES","item":"https:\/\/sharonloew.com\/categoria\/constelaciones\/"},{"@type":"ListItem","position":4,"name":"JCN01 GEMINIS"}]},{"@type":"WebSite","@id":"https:\/\/sharonloew.com\/#website","url":"https:\/\/sharonloew.com\/","name":"Sharon Loew","description":"Joyas y Accesorios","potentialAction":[{"@type":"SearchAction","target":{"@type":"EntryPoint","urlTemplate":"https:\/\/sharonloew.com\/?s={search_term_string}"},"query-input":{"@type":"PropertyValueSpecification","valueRequired":true,"valueName":"search_term_string"}}],"inLanguage":"en-US"}]}},"_links":{"self":[{"href":"https:\/\/sharonloew.com\/en\/wp-json\/wp\/v2\/product\/2156","targetHints":{"allow":["GET"]}}],"collection":[{"href":"https:\/\/sharonloew.com\/en\/wp-json\/wp\/v2\/product"}],"about":[{"href":"https:\/\/sharonloew.com\/en\/wp-json\/wp\/v2\/types\/product"}],"replies":[{"embeddable":true,"href":"https:\/\/sharonloew.com\/en\/wp-json\/wp\/v2\/comments?post=2156"}],"wp:featuredmedia":[{"embeddable":true,"href":"https:\/\/sharonloew.com\/en\/wp-json\/wp\/v2\/media\/2146"}],"wp:attachment":[{"href":"https:\/\/sharonloew.com\/en\/wp-json\/wp\/v2\/media?parent=2156"}],"wp:term":[{"taxonomy":"product_brand","embeddable":true,"href":"https:\/\/sharonloew.com\/en\/wp-json\/wp\/v2\/product_brand?post=2156"},{"taxonomy":"product_cat","embeddable":true,"href":"https:\/\/sharonloew.com\/en\/wp-json\/wp\/v2\/product_cat?post=2156"},{"taxonomy":"product_tag","embeddable":true,"href":"https:\/\/sharonloew.com\/en\/wp-json\/wp\/v2\/product_tag?post=2156"}],"curies":[{"name":"wp","href":"https:\/\/api.w.org\/{rel}","templated":true}]}}