{"id":2219,"date":"2020-08-09T00:46:15","date_gmt":"2020-08-09T00:46:15","guid":{"rendered":"https:\/\/sharonloew.com\/?post_type=product&#038;p=2219"},"modified":"2020-08-09T00:46:17","modified_gmt":"2020-08-09T00:46:17","slug":"rcn-leo","status":"publish","type":"product","link":"https:\/\/sharonloew.com\/en\/colecciones\/constelaciones\/rcn-leo\/","title":{"rendered":"RCN LEO"},"content":{"rendered":"<p>Anillo de cadena (Chain ring) elaborado en plata 925 ba\u00f1ado en oro amarillo 24k y engaste de zircones.<\/p>\n<p>Tama\u00f1o: Ajustable.<\/p>","protected":false},"excerpt":{"rendered":"<p>Es un signo del elemento Fuego.<\/p>\n<p>Est\u00e1 representado por el Le\u00f3n, que se asocia a la fuerza, el afecto, el valor y la dignidad.<\/p>\n<p>Leo es considerado el signo m\u00e1s fuerte del zodiaco.<\/p>\n<p>Las personas regidas por este signo se caracterizan por su seguridad, ambici\u00f3n, fuerza y valent\u00eda. Suelen ser l\u00edderes que saben a d\u00f3nde quieren llegar y ponen todo su esfuerzo y capacidades en conseguirlo. Son inteligentes y decididos.<\/p>\n<p>Las\u00a0gemas\u00a0adecuadas para Leo son: Diamante, Cristal de roca, y el Cuarzo Citrino.<\/p>","protected":false},"featured_media":2224,"comment_status":"open","ping_status":"closed","template":"","meta":{"_acf_changed":false},"product_brand":[],"product_cat":[178],"product_tag":[],"class_list":{"0":"post-2219","1":"product","2":"type-product","3":"status-publish","4":"has-post-thumbnail","6":"product_cat-constelaciones","8":"first","9":"instock","10":"shipping-taxable","11":"purchasable","12":"product-type-simple"},"acf":[],"yoast_head":"<!-- This site is optimized with the Yoast SEO plugin v26.4 - https:\/\/yoast.com\/wordpress\/plugins\/seo\/ -->\n<title>RCN LEO - Sharon Loew<\/title>\n<meta name=\"robots\" content=\"index, follow, max-snippet:-1, max-image-preview:large, max-video-preview:-1\" \/>\n<link rel=\"canonical\" href=\"https:\/\/sharonloew.com\/en\/colecciones\/constelaciones\/rcn-leo\/\" \/>\n<meta property=\"og:locale\" content=\"en_US\" \/>\n<meta property=\"og:type\" content=\"article\" \/>\n<meta property=\"og:title\" content=\"RCN LEO - Sharon Loew\" \/>\n<meta property=\"og:description\" content=\"Es un signo del elemento Fuego.  Est\u00e1 representado por el Le\u00f3n, que se asocia a la fuerza, el afecto, el valor y la dignidad.  Leo es considerado el signo m\u00e1s fuerte del zodiaco.  Las personas regidas por este signo se caracterizan por su seguridad, ambici\u00f3n, fuerza y valent\u00eda. Suelen ser l\u00edderes que saben a d\u00f3nde quieren llegar y ponen todo su esfuerzo y capacidades en conseguirlo. Son inteligentes y decididos.  Las\u00a0gemas\u00a0adecuadas para Leo son: Diamante, Cristal de roca, y el Cuarzo Citrino.\" \/>\n<meta property=\"og:url\" content=\"https:\/\/sharonloew.com\/en\/colecciones\/constelaciones\/rcn-leo\/\" \/>\n<meta property=\"og:site_name\" content=\"Sharon Loew\" \/>\n<meta property=\"article:modified_time\" content=\"2020-08-09T00:46:17+00:00\" \/>\n<meta property=\"og:image\" content=\"https:\/\/sharonloew.com\/wp-content\/uploads\/2020\/08\/4.-LEO-1.jpg\" \/>\n\t<meta property=\"og:image:width\" content=\"7952\" \/>\n\t<meta property=\"og:image:height\" content=\"4710\" \/>\n\t<meta property=\"og:image:type\" content=\"image\/jpeg\" \/>\n<meta name=\"twitter:card\" content=\"summary_large_image\" \/>\n<script type=\"application\/ld+json\" class=\"yoast-schema-graph\">{\"@context\":\"https:\/\/schema.org\",\"@graph\":[{\"@type\":\"WebPage\",\"@id\":\"https:\/\/sharonloew.com\/colecciones\/constelaciones\/rcn-leo\/\",\"url\":\"https:\/\/sharonloew.com\/colecciones\/constelaciones\/rcn-leo\/\",\"name\":\"RCN LEO - Sharon Loew\",\"isPartOf\":{\"@id\":\"https:\/\/sharonloew.com\/#website\"},\"primaryImageOfPage\":{\"@id\":\"https:\/\/sharonloew.com\/colecciones\/constelaciones\/rcn-leo\/#primaryimage\"},\"image\":{\"@id\":\"https:\/\/sharonloew.com\/colecciones\/constelaciones\/rcn-leo\/#primaryimage\"},\"thumbnailUrl\":\"https:\/\/sharonloew.com\/wp-content\/uploads\/2020\/08\/4.-LEO-1-scaled.jpg\",\"datePublished\":\"2020-08-09T00:46:15+00:00\",\"dateModified\":\"2020-08-09T00:46:17+00:00\",\"breadcrumb\":{\"@id\":\"https:\/\/sharonloew.com\/colecciones\/constelaciones\/rcn-leo\/#breadcrumb\"},\"inLanguage\":\"en-US\",\"potentialAction\":[{\"@type\":\"ReadAction\",\"target\":[\"https:\/\/sharonloew.com\/colecciones\/constelaciones\/rcn-leo\/\"]}]},{\"@type\":\"ImageObject\",\"inLanguage\":\"en-US\",\"@id\":\"https:\/\/sharonloew.com\/colecciones\/constelaciones\/rcn-leo\/#primaryimage\",\"url\":\"https:\/\/sharonloew.com\/wp-content\/uploads\/2020\/08\/4.-LEO-1-scaled.jpg\",\"contentUrl\":\"https:\/\/sharonloew.com\/wp-content\/uploads\/2020\/08\/4.-LEO-1-scaled.jpg\",\"width\":2560,\"height\":1516},{\"@type\":\"BreadcrumbList\",\"@id\":\"https:\/\/sharonloew.com\/colecciones\/constelaciones\/rcn-leo\/#breadcrumb\",\"itemListElement\":[{\"@type\":\"ListItem\",\"position\":1,\"name\":\"Inicio\",\"item\":\"https:\/\/sharonloew.com\/\"},{\"@type\":\"ListItem\",\"position\":2,\"name\":\"Colecciones\",\"item\":\"https:\/\/sharonloew.com\/colecciones\/\"},{\"@type\":\"ListItem\",\"position\":3,\"name\":\"CONSTELACIONES\",\"item\":\"https:\/\/sharonloew.com\/categoria\/constelaciones\/\"},{\"@type\":\"ListItem\",\"position\":4,\"name\":\"RCN LEO\"}]},{\"@type\":\"WebSite\",\"@id\":\"https:\/\/sharonloew.com\/#website\",\"url\":\"https:\/\/sharonloew.com\/\",\"name\":\"Sharon Loew\",\"description\":\"Joyas y Accesorios\",\"potentialAction\":[{\"@type\":\"SearchAction\",\"target\":{\"@type\":\"EntryPoint\",\"urlTemplate\":\"https:\/\/sharonloew.com\/?s={search_term_string}\"},\"query-input\":{\"@type\":\"PropertyValueSpecification\",\"valueRequired\":true,\"valueName\":\"search_term_string\"}}],\"inLanguage\":\"en-US\"}]}<\/script>\n<!-- \/ Yoast SEO plugin. -->","yoast_head_json":{"title":"RCN LEO - Sharon Loew","robots":{"index":"index","follow":"follow","max-snippet":"max-snippet:-1","max-image-preview":"max-image-preview:large","max-video-preview":"max-video-preview:-1"},"canonical":"https:\/\/sharonloew.com\/en\/colecciones\/constelaciones\/rcn-leo\/","og_locale":"en_US","og_type":"article","og_title":"RCN LEO - Sharon Loew","og_description":"Es un signo del elemento Fuego.  Est\u00e1 representado por el Le\u00f3n, que se asocia a la fuerza, el afecto, el valor y la dignidad.  Leo es considerado el signo m\u00e1s fuerte del zodiaco.  Las personas regidas por este signo se caracterizan por su seguridad, ambici\u00f3n, fuerza y valent\u00eda. Suelen ser l\u00edderes que saben a d\u00f3nde quieren llegar y ponen todo su esfuerzo y capacidades en conseguirlo. Son inteligentes y decididos.  Las\u00a0gemas\u00a0adecuadas para Leo son: Diamante, Cristal de roca, y el Cuarzo Citrino.","og_url":"https:\/\/sharonloew.com\/en\/colecciones\/constelaciones\/rcn-leo\/","og_site_name":"Sharon Loew","article_modified_time":"2020-08-09T00:46:17+00:00","og_image":[{"width":7952,"height":4710,"url":"https:\/\/sharonloew.com\/wp-content\/uploads\/2020\/08\/4.-LEO-1.jpg","type":"image\/jpeg"}],"twitter_card":"summary_large_image","schema":{"@context":"https:\/\/schema.org","@graph":[{"@type":"WebPage","@id":"https:\/\/sharonloew.com\/colecciones\/constelaciones\/rcn-leo\/","url":"https:\/\/sharonloew.com\/colecciones\/constelaciones\/rcn-leo\/","name":"RCN LEO - Sharon Loew","isPartOf":{"@id":"https:\/\/sharonloew.com\/#website"},"primaryImageOfPage":{"@id":"https:\/\/sharonloew.com\/colecciones\/constelaciones\/rcn-leo\/#primaryimage"},"image":{"@id":"https:\/\/sharonloew.com\/colecciones\/constelaciones\/rcn-leo\/#primaryimage"},"thumbnailUrl":"https:\/\/sharonloew.com\/wp-content\/uploads\/2020\/08\/4.-LEO-1-scaled.jpg","datePublished":"2020-08-09T00:46:15+00:00","dateModified":"2020-08-09T00:46:17+00:00","breadcrumb":{"@id":"https:\/\/sharonloew.com\/colecciones\/constelaciones\/rcn-leo\/#breadcrumb"},"inLanguage":"en-US","potentialAction":[{"@type":"ReadAction","target":["https:\/\/sharonloew.com\/colecciones\/constelaciones\/rcn-leo\/"]}]},{"@type":"ImageObject","inLanguage":"en-US","@id":"https:\/\/sharonloew.com\/colecciones\/constelaciones\/rcn-leo\/#primaryimage","url":"https:\/\/sharonloew.com\/wp-content\/uploads\/2020\/08\/4.-LEO-1-scaled.jpg","contentUrl":"https:\/\/sharonloew.com\/wp-content\/uploads\/2020\/08\/4.-LEO-1-scaled.jpg","width":2560,"height":1516},{"@type":"BreadcrumbList","@id":"https:\/\/sharonloew.com\/colecciones\/constelaciones\/rcn-leo\/#breadcrumb","itemListElement":[{"@type":"ListItem","position":1,"name":"Inicio","item":"https:\/\/sharonloew.com\/"},{"@type":"ListItem","position":2,"name":"Colecciones","item":"https:\/\/sharonloew.com\/colecciones\/"},{"@type":"ListItem","position":3,"name":"CONSTELACIONES","item":"https:\/\/sharonloew.com\/categoria\/constelaciones\/"},{"@type":"ListItem","position":4,"name":"RCN LEO"}]},{"@type":"WebSite","@id":"https:\/\/sharonloew.com\/#website","url":"https:\/\/sharonloew.com\/","name":"Sharon Loew","description":"Joyas y Accesorios","potentialAction":[{"@type":"SearchAction","target":{"@type":"EntryPoint","urlTemplate":"https:\/\/sharonloew.com\/?s={search_term_string}"},"query-input":{"@type":"PropertyValueSpecification","valueRequired":true,"valueName":"search_term_string"}}],"inLanguage":"en-US"}]}},"_links":{"self":[{"href":"https:\/\/sharonloew.com\/en\/wp-json\/wp\/v2\/product\/2219","targetHints":{"allow":["GET"]}}],"collection":[{"href":"https:\/\/sharonloew.com\/en\/wp-json\/wp\/v2\/product"}],"about":[{"href":"https:\/\/sharonloew.com\/en\/wp-json\/wp\/v2\/types\/product"}],"replies":[{"embeddable":true,"href":"https:\/\/sharonloew.com\/en\/wp-json\/wp\/v2\/comments?post=2219"}],"wp:featuredmedia":[{"embeddable":true,"href":"https:\/\/sharonloew.com\/en\/wp-json\/wp\/v2\/media\/2224"}],"wp:attachment":[{"href":"https:\/\/sharonloew.com\/en\/wp-json\/wp\/v2\/media?parent=2219"}],"wp:term":[{"taxonomy":"product_brand","embeddable":true,"href":"https:\/\/sharonloew.com\/en\/wp-json\/wp\/v2\/product_brand?post=2219"},{"taxonomy":"product_cat","embeddable":true,"href":"https:\/\/sharonloew.com\/en\/wp-json\/wp\/v2\/product_cat?post=2219"},{"taxonomy":"product_tag","embeddable":true,"href":"https:\/\/sharonloew.com\/en\/wp-json\/wp\/v2\/product_tag?post=2219"}],"curies":[{"name":"wp","href":"https:\/\/api.w.org\/{rel}","templated":true}]}}