{"id":2225,"date":"2020-08-09T00:48:48","date_gmt":"2020-08-09T00:48:48","guid":{"rendered":"https:\/\/sharonloew.com\/?post_type=product&#038;p=2225"},"modified":"2020-08-09T00:48:50","modified_gmt":"2020-08-09T00:48:50","slug":"rcn-virgo","status":"publish","type":"product","link":"https:\/\/sharonloew.com\/en\/colecciones\/constelaciones\/rcn-virgo\/","title":{"rendered":"RCN VIRGO"},"content":{"rendered":"<p>Anillo de cadena (Chain ring) elaborado en plata 925 ba\u00f1ado en oro amarillo 24k y engaste de zircones.<\/p>\n<p>Tama\u00f1o: Ajustable.<\/p>","protected":false},"excerpt":{"rendered":"<p>Es un signo del elemento Tierra.<\/p>\n<p>Est\u00e1 representado por la Virgen que asocia a lo que es puro y perfecto.<\/p>\n<p>Las personas regidas por este signo se caracterizan por ser l\u00f3gicos, estudiosos y met\u00f3dicos. Son intuitivos y a veces tan anal\u00edticos, que en ocasiones les cuesta llegar a conclusiones firmes. Buscan la perfecci\u00f3n y utilizan la cr\u00edtica, el an\u00e1lisis y la l\u00f3gica para conseguir sus metas<\/p>\n<p>Las<strong>\u00a0<\/strong>gemas\u00a0con las que puede contar Virgo son el Cuarzo Rutilo y la Esmeralda.<\/p>\n<p>&nbsp;<\/p>","protected":false},"featured_media":2226,"comment_status":"open","ping_status":"closed","template":"","meta":{"_acf_changed":false},"product_brand":[],"product_cat":[178],"product_tag":[],"class_list":{"0":"post-2225","1":"product","2":"type-product","3":"status-publish","4":"has-post-thumbnail","6":"product_cat-constelaciones","8":"first","9":"instock","10":"shipping-taxable","11":"purchasable","12":"product-type-simple"},"acf":[],"yoast_head":"<!-- This site is optimized with the Yoast SEO plugin v26.4 - https:\/\/yoast.com\/wordpress\/plugins\/seo\/ -->\n<title>RCN VIRGO - Sharon Loew<\/title>\n<meta name=\"robots\" content=\"index, follow, max-snippet:-1, max-image-preview:large, max-video-preview:-1\" \/>\n<link rel=\"canonical\" href=\"https:\/\/sharonloew.com\/en\/colecciones\/constelaciones\/rcn-virgo\/\" \/>\n<meta property=\"og:locale\" content=\"en_US\" \/>\n<meta property=\"og:type\" content=\"article\" \/>\n<meta property=\"og:title\" content=\"RCN VIRGO - Sharon Loew\" \/>\n<meta property=\"og:description\" content=\"Es un signo del elemento Tierra.  Est\u00e1 representado por la Virgen que asocia a lo que es puro y perfecto.  Las personas regidas por este signo se caracterizan por ser l\u00f3gicos, estudiosos y met\u00f3dicos. Son intuitivos y a veces tan anal\u00edticos, que en ocasiones les cuesta llegar a conclusiones firmes. Buscan la perfecci\u00f3n y utilizan la cr\u00edtica, el an\u00e1lisis y la l\u00f3gica para conseguir sus metas  Las\u00a0gemas\u00a0con las que puede contar Virgo son el Cuarzo Rutilo y la Esmeralda.  &nbsp;\" \/>\n<meta property=\"og:url\" content=\"https:\/\/sharonloew.com\/en\/colecciones\/constelaciones\/rcn-virgo\/\" \/>\n<meta property=\"og:site_name\" content=\"Sharon Loew\" \/>\n<meta property=\"article:modified_time\" content=\"2020-08-09T00:48:50+00:00\" \/>\n<meta property=\"og:image\" content=\"https:\/\/sharonloew.com\/wp-content\/uploads\/2020\/08\/6.-VIRGO-1-1024x628.jpg\" \/>\n\t<meta property=\"og:image:width\" content=\"1024\" \/>\n\t<meta property=\"og:image:height\" content=\"628\" \/>\n\t<meta property=\"og:image:type\" content=\"image\/jpeg\" \/>\n<meta name=\"twitter:card\" content=\"summary_large_image\" \/>\n<script type=\"application\/ld+json\" class=\"yoast-schema-graph\">{\"@context\":\"https:\/\/schema.org\",\"@graph\":[{\"@type\":\"WebPage\",\"@id\":\"https:\/\/sharonloew.com\/colecciones\/constelaciones\/rcn-virgo\/\",\"url\":\"https:\/\/sharonloew.com\/colecciones\/constelaciones\/rcn-virgo\/\",\"name\":\"RCN VIRGO - Sharon Loew\",\"isPartOf\":{\"@id\":\"https:\/\/sharonloew.com\/#website\"},\"primaryImageOfPage\":{\"@id\":\"https:\/\/sharonloew.com\/colecciones\/constelaciones\/rcn-virgo\/#primaryimage\"},\"image\":{\"@id\":\"https:\/\/sharonloew.com\/colecciones\/constelaciones\/rcn-virgo\/#primaryimage\"},\"thumbnailUrl\":\"https:\/\/sharonloew.com\/wp-content\/uploads\/2020\/08\/6.-VIRGO-1-scaled.jpg\",\"datePublished\":\"2020-08-09T00:48:48+00:00\",\"dateModified\":\"2020-08-09T00:48:50+00:00\",\"breadcrumb\":{\"@id\":\"https:\/\/sharonloew.com\/colecciones\/constelaciones\/rcn-virgo\/#breadcrumb\"},\"inLanguage\":\"en-US\",\"potentialAction\":[{\"@type\":\"ReadAction\",\"target\":[\"https:\/\/sharonloew.com\/colecciones\/constelaciones\/rcn-virgo\/\"]}]},{\"@type\":\"ImageObject\",\"inLanguage\":\"en-US\",\"@id\":\"https:\/\/sharonloew.com\/colecciones\/constelaciones\/rcn-virgo\/#primaryimage\",\"url\":\"https:\/\/sharonloew.com\/wp-content\/uploads\/2020\/08\/6.-VIRGO-1-scaled.jpg\",\"contentUrl\":\"https:\/\/sharonloew.com\/wp-content\/uploads\/2020\/08\/6.-VIRGO-1-scaled.jpg\",\"width\":2560,\"height\":1571},{\"@type\":\"BreadcrumbList\",\"@id\":\"https:\/\/sharonloew.com\/colecciones\/constelaciones\/rcn-virgo\/#breadcrumb\",\"itemListElement\":[{\"@type\":\"ListItem\",\"position\":1,\"name\":\"Inicio\",\"item\":\"https:\/\/sharonloew.com\/\"},{\"@type\":\"ListItem\",\"position\":2,\"name\":\"Colecciones\",\"item\":\"https:\/\/sharonloew.com\/colecciones\/\"},{\"@type\":\"ListItem\",\"position\":3,\"name\":\"CONSTELACIONES\",\"item\":\"https:\/\/sharonloew.com\/categoria\/constelaciones\/\"},{\"@type\":\"ListItem\",\"position\":4,\"name\":\"RCN VIRGO\"}]},{\"@type\":\"WebSite\",\"@id\":\"https:\/\/sharonloew.com\/#website\",\"url\":\"https:\/\/sharonloew.com\/\",\"name\":\"Sharon Loew\",\"description\":\"Joyas y Accesorios\",\"potentialAction\":[{\"@type\":\"SearchAction\",\"target\":{\"@type\":\"EntryPoint\",\"urlTemplate\":\"https:\/\/sharonloew.com\/?s={search_term_string}\"},\"query-input\":{\"@type\":\"PropertyValueSpecification\",\"valueRequired\":true,\"valueName\":\"search_term_string\"}}],\"inLanguage\":\"en-US\"}]}<\/script>\n<!-- \/ Yoast SEO plugin. -->","yoast_head_json":{"title":"RCN VIRGO - Sharon Loew","robots":{"index":"index","follow":"follow","max-snippet":"max-snippet:-1","max-image-preview":"max-image-preview:large","max-video-preview":"max-video-preview:-1"},"canonical":"https:\/\/sharonloew.com\/en\/colecciones\/constelaciones\/rcn-virgo\/","og_locale":"en_US","og_type":"article","og_title":"RCN VIRGO - Sharon Loew","og_description":"Es un signo del elemento Tierra.  Est\u00e1 representado por la Virgen que asocia a lo que es puro y perfecto.  Las personas regidas por este signo se caracterizan por ser l\u00f3gicos, estudiosos y met\u00f3dicos. Son intuitivos y a veces tan anal\u00edticos, que en ocasiones les cuesta llegar a conclusiones firmes. Buscan la perfecci\u00f3n y utilizan la cr\u00edtica, el an\u00e1lisis y la l\u00f3gica para conseguir sus metas  Las\u00a0gemas\u00a0con las que puede contar Virgo son el Cuarzo Rutilo y la Esmeralda.  &nbsp;","og_url":"https:\/\/sharonloew.com\/en\/colecciones\/constelaciones\/rcn-virgo\/","og_site_name":"Sharon Loew","article_modified_time":"2020-08-09T00:48:50+00:00","og_image":[{"width":1024,"height":628,"url":"https:\/\/sharonloew.com\/wp-content\/uploads\/2020\/08\/6.-VIRGO-1-1024x628.jpg","type":"image\/jpeg"}],"twitter_card":"summary_large_image","schema":{"@context":"https:\/\/schema.org","@graph":[{"@type":"WebPage","@id":"https:\/\/sharonloew.com\/colecciones\/constelaciones\/rcn-virgo\/","url":"https:\/\/sharonloew.com\/colecciones\/constelaciones\/rcn-virgo\/","name":"RCN VIRGO - Sharon Loew","isPartOf":{"@id":"https:\/\/sharonloew.com\/#website"},"primaryImageOfPage":{"@id":"https:\/\/sharonloew.com\/colecciones\/constelaciones\/rcn-virgo\/#primaryimage"},"image":{"@id":"https:\/\/sharonloew.com\/colecciones\/constelaciones\/rcn-virgo\/#primaryimage"},"thumbnailUrl":"https:\/\/sharonloew.com\/wp-content\/uploads\/2020\/08\/6.-VIRGO-1-scaled.jpg","datePublished":"2020-08-09T00:48:48+00:00","dateModified":"2020-08-09T00:48:50+00:00","breadcrumb":{"@id":"https:\/\/sharonloew.com\/colecciones\/constelaciones\/rcn-virgo\/#breadcrumb"},"inLanguage":"en-US","potentialAction":[{"@type":"ReadAction","target":["https:\/\/sharonloew.com\/colecciones\/constelaciones\/rcn-virgo\/"]}]},{"@type":"ImageObject","inLanguage":"en-US","@id":"https:\/\/sharonloew.com\/colecciones\/constelaciones\/rcn-virgo\/#primaryimage","url":"https:\/\/sharonloew.com\/wp-content\/uploads\/2020\/08\/6.-VIRGO-1-scaled.jpg","contentUrl":"https:\/\/sharonloew.com\/wp-content\/uploads\/2020\/08\/6.-VIRGO-1-scaled.jpg","width":2560,"height":1571},{"@type":"BreadcrumbList","@id":"https:\/\/sharonloew.com\/colecciones\/constelaciones\/rcn-virgo\/#breadcrumb","itemListElement":[{"@type":"ListItem","position":1,"name":"Inicio","item":"https:\/\/sharonloew.com\/"},{"@type":"ListItem","position":2,"name":"Colecciones","item":"https:\/\/sharonloew.com\/colecciones\/"},{"@type":"ListItem","position":3,"name":"CONSTELACIONES","item":"https:\/\/sharonloew.com\/categoria\/constelaciones\/"},{"@type":"ListItem","position":4,"name":"RCN VIRGO"}]},{"@type":"WebSite","@id":"https:\/\/sharonloew.com\/#website","url":"https:\/\/sharonloew.com\/","name":"Sharon Loew","description":"Joyas y Accesorios","potentialAction":[{"@type":"SearchAction","target":{"@type":"EntryPoint","urlTemplate":"https:\/\/sharonloew.com\/?s={search_term_string}"},"query-input":{"@type":"PropertyValueSpecification","valueRequired":true,"valueName":"search_term_string"}}],"inLanguage":"en-US"}]}},"_links":{"self":[{"href":"https:\/\/sharonloew.com\/en\/wp-json\/wp\/v2\/product\/2225","targetHints":{"allow":["GET"]}}],"collection":[{"href":"https:\/\/sharonloew.com\/en\/wp-json\/wp\/v2\/product"}],"about":[{"href":"https:\/\/sharonloew.com\/en\/wp-json\/wp\/v2\/types\/product"}],"replies":[{"embeddable":true,"href":"https:\/\/sharonloew.com\/en\/wp-json\/wp\/v2\/comments?post=2225"}],"wp:featuredmedia":[{"embeddable":true,"href":"https:\/\/sharonloew.com\/en\/wp-json\/wp\/v2\/media\/2226"}],"wp:attachment":[{"href":"https:\/\/sharonloew.com\/en\/wp-json\/wp\/v2\/media?parent=2225"}],"wp:term":[{"taxonomy":"product_brand","embeddable":true,"href":"https:\/\/sharonloew.com\/en\/wp-json\/wp\/v2\/product_brand?post=2225"},{"taxonomy":"product_cat","embeddable":true,"href":"https:\/\/sharonloew.com\/en\/wp-json\/wp\/v2\/product_cat?post=2225"},{"taxonomy":"product_tag","embeddable":true,"href":"https:\/\/sharonloew.com\/en\/wp-json\/wp\/v2\/product_tag?post=2225"}],"curies":[{"name":"wp","href":"https:\/\/api.w.org\/{rel}","templated":true}]}}