{"id":2309,"date":"2020-08-09T03:35:53","date_gmt":"2020-08-09T03:35:53","guid":{"rendered":"https:\/\/sharonloew.com\/?post_type=product&#038;p=2309"},"modified":"2020-08-09T03:35:54","modified_gmt":"2020-08-09T03:35:54","slug":"zcn-virgo","status":"publish","type":"product","link":"https:\/\/sharonloew.com\/en\/colecciones\/constelaciones\/zcn-virgo\/","title":{"rendered":"ZCN  VIRGO"},"content":{"rendered":"<p>Zarcillos mixtos elaborados en plata 925 ba\u00f1ados en oro amarillo 24k con zircones engastados y la piedra del signo.<\/p>","protected":false},"excerpt":{"rendered":"<p>Es un signo del elemento Tierra.<\/p>\n<p>Est\u00e1 representado por la Virgen que asocia a lo que es puro y perfecto.<\/p>\n<p>Las personas regidas por este signo se caracterizan por ser l\u00f3gicos, estudiosos y met\u00f3dicos. Son intuitivos y a veces tan anal\u00edticos, que en ocasiones les cuesta llegar a conclusiones firmes. Buscan la perfecci\u00f3n y utilizan la cr\u00edtica, el an\u00e1lisis y la l\u00f3gica para conseguir sus metas<\/p>\n<p>Las<strong>\u00a0<\/strong>gemas\u00a0con las que puede contar Virgo son el Cuarzo Rutilo y la Esmeralda.<\/p>","protected":false},"featured_media":2310,"comment_status":"open","ping_status":"closed","template":"","meta":{"_acf_changed":false},"product_brand":[],"product_cat":[178],"product_tag":[],"class_list":{"0":"post-2309","1":"product","2":"type-product","3":"status-publish","4":"has-post-thumbnail","6":"product_cat-constelaciones","8":"first","9":"instock","10":"shipping-taxable","11":"purchasable","12":"product-type-simple"},"acf":[],"yoast_head":"<!-- This site is optimized with the Yoast SEO plugin v26.4 - https:\/\/yoast.com\/wordpress\/plugins\/seo\/ -->\n<title>ZCN VIRGO - Sharon Loew<\/title>\n<meta name=\"robots\" content=\"index, follow, max-snippet:-1, max-image-preview:large, max-video-preview:-1\" \/>\n<link rel=\"canonical\" href=\"https:\/\/sharonloew.com\/en\/colecciones\/constelaciones\/zcn-virgo\/\" \/>\n<meta property=\"og:locale\" content=\"en_US\" \/>\n<meta property=\"og:type\" content=\"article\" \/>\n<meta property=\"og:title\" content=\"ZCN VIRGO - Sharon Loew\" \/>\n<meta property=\"og:description\" content=\"Es un signo del elemento Tierra.  Est\u00e1 representado por la Virgen que asocia a lo que es puro y perfecto.  Las personas regidas por este signo se caracterizan por ser l\u00f3gicos, estudiosos y met\u00f3dicos. Son intuitivos y a veces tan anal\u00edticos, que en ocasiones les cuesta llegar a conclusiones firmes. Buscan la perfecci\u00f3n y utilizan la cr\u00edtica, el an\u00e1lisis y la l\u00f3gica para conseguir sus metas  Las\u00a0gemas\u00a0con las que puede contar Virgo son el Cuarzo Rutilo y la Esmeralda.\" \/>\n<meta property=\"og:url\" content=\"https:\/\/sharonloew.com\/en\/colecciones\/constelaciones\/zcn-virgo\/\" \/>\n<meta property=\"og:site_name\" content=\"Sharon Loew\" \/>\n<meta property=\"article:modified_time\" content=\"2020-08-09T03:35:54+00:00\" \/>\n<meta property=\"og:image\" content=\"https:\/\/sharonloew.com\/wp-content\/uploads\/2020\/08\/3.-VIRGO-2.jpg\" \/>\n\t<meta property=\"og:image:width\" content=\"539\" \/>\n\t<meta property=\"og:image:height\" content=\"360\" \/>\n\t<meta property=\"og:image:type\" content=\"image\/jpeg\" \/>\n<meta name=\"twitter:card\" content=\"summary_large_image\" \/>\n<script type=\"application\/ld+json\" class=\"yoast-schema-graph\">{\"@context\":\"https:\/\/schema.org\",\"@graph\":[{\"@type\":\"WebPage\",\"@id\":\"https:\/\/sharonloew.com\/colecciones\/constelaciones\/zcn-virgo\/\",\"url\":\"https:\/\/sharonloew.com\/colecciones\/constelaciones\/zcn-virgo\/\",\"name\":\"ZCN VIRGO - Sharon Loew\",\"isPartOf\":{\"@id\":\"https:\/\/sharonloew.com\/#website\"},\"primaryImageOfPage\":{\"@id\":\"https:\/\/sharonloew.com\/colecciones\/constelaciones\/zcn-virgo\/#primaryimage\"},\"image\":{\"@id\":\"https:\/\/sharonloew.com\/colecciones\/constelaciones\/zcn-virgo\/#primaryimage\"},\"thumbnailUrl\":\"https:\/\/sharonloew.com\/wp-content\/uploads\/2020\/08\/3.-VIRGO-2.jpg\",\"datePublished\":\"2020-08-09T03:35:53+00:00\",\"dateModified\":\"2020-08-09T03:35:54+00:00\",\"breadcrumb\":{\"@id\":\"https:\/\/sharonloew.com\/colecciones\/constelaciones\/zcn-virgo\/#breadcrumb\"},\"inLanguage\":\"en-US\",\"potentialAction\":[{\"@type\":\"ReadAction\",\"target\":[\"https:\/\/sharonloew.com\/colecciones\/constelaciones\/zcn-virgo\/\"]}]},{\"@type\":\"ImageObject\",\"inLanguage\":\"en-US\",\"@id\":\"https:\/\/sharonloew.com\/colecciones\/constelaciones\/zcn-virgo\/#primaryimage\",\"url\":\"https:\/\/sharonloew.com\/wp-content\/uploads\/2020\/08\/3.-VIRGO-2.jpg\",\"contentUrl\":\"https:\/\/sharonloew.com\/wp-content\/uploads\/2020\/08\/3.-VIRGO-2.jpg\",\"width\":539,\"height\":360},{\"@type\":\"BreadcrumbList\",\"@id\":\"https:\/\/sharonloew.com\/colecciones\/constelaciones\/zcn-virgo\/#breadcrumb\",\"itemListElement\":[{\"@type\":\"ListItem\",\"position\":1,\"name\":\"Inicio\",\"item\":\"https:\/\/sharonloew.com\/\"},{\"@type\":\"ListItem\",\"position\":2,\"name\":\"Colecciones\",\"item\":\"https:\/\/sharonloew.com\/colecciones\/\"},{\"@type\":\"ListItem\",\"position\":3,\"name\":\"CONSTELACIONES\",\"item\":\"https:\/\/sharonloew.com\/categoria\/constelaciones\/\"},{\"@type\":\"ListItem\",\"position\":4,\"name\":\"ZCN VIRGO\"}]},{\"@type\":\"WebSite\",\"@id\":\"https:\/\/sharonloew.com\/#website\",\"url\":\"https:\/\/sharonloew.com\/\",\"name\":\"Sharon Loew\",\"description\":\"Joyas y Accesorios\",\"potentialAction\":[{\"@type\":\"SearchAction\",\"target\":{\"@type\":\"EntryPoint\",\"urlTemplate\":\"https:\/\/sharonloew.com\/?s={search_term_string}\"},\"query-input\":{\"@type\":\"PropertyValueSpecification\",\"valueRequired\":true,\"valueName\":\"search_term_string\"}}],\"inLanguage\":\"en-US\"}]}<\/script>\n<!-- \/ Yoast SEO plugin. -->","yoast_head_json":{"title":"ZCN VIRGO - Sharon Loew","robots":{"index":"index","follow":"follow","max-snippet":"max-snippet:-1","max-image-preview":"max-image-preview:large","max-video-preview":"max-video-preview:-1"},"canonical":"https:\/\/sharonloew.com\/en\/colecciones\/constelaciones\/zcn-virgo\/","og_locale":"en_US","og_type":"article","og_title":"ZCN VIRGO - Sharon Loew","og_description":"Es un signo del elemento Tierra.  Est\u00e1 representado por la Virgen que asocia a lo que es puro y perfecto.  Las personas regidas por este signo se caracterizan por ser l\u00f3gicos, estudiosos y met\u00f3dicos. Son intuitivos y a veces tan anal\u00edticos, que en ocasiones les cuesta llegar a conclusiones firmes. Buscan la perfecci\u00f3n y utilizan la cr\u00edtica, el an\u00e1lisis y la l\u00f3gica para conseguir sus metas  Las\u00a0gemas\u00a0con las que puede contar Virgo son el Cuarzo Rutilo y la Esmeralda.","og_url":"https:\/\/sharonloew.com\/en\/colecciones\/constelaciones\/zcn-virgo\/","og_site_name":"Sharon Loew","article_modified_time":"2020-08-09T03:35:54+00:00","og_image":[{"width":539,"height":360,"url":"https:\/\/sharonloew.com\/wp-content\/uploads\/2020\/08\/3.-VIRGO-2.jpg","type":"image\/jpeg"}],"twitter_card":"summary_large_image","schema":{"@context":"https:\/\/schema.org","@graph":[{"@type":"WebPage","@id":"https:\/\/sharonloew.com\/colecciones\/constelaciones\/zcn-virgo\/","url":"https:\/\/sharonloew.com\/colecciones\/constelaciones\/zcn-virgo\/","name":"ZCN VIRGO - Sharon Loew","isPartOf":{"@id":"https:\/\/sharonloew.com\/#website"},"primaryImageOfPage":{"@id":"https:\/\/sharonloew.com\/colecciones\/constelaciones\/zcn-virgo\/#primaryimage"},"image":{"@id":"https:\/\/sharonloew.com\/colecciones\/constelaciones\/zcn-virgo\/#primaryimage"},"thumbnailUrl":"https:\/\/sharonloew.com\/wp-content\/uploads\/2020\/08\/3.-VIRGO-2.jpg","datePublished":"2020-08-09T03:35:53+00:00","dateModified":"2020-08-09T03:35:54+00:00","breadcrumb":{"@id":"https:\/\/sharonloew.com\/colecciones\/constelaciones\/zcn-virgo\/#breadcrumb"},"inLanguage":"en-US","potentialAction":[{"@type":"ReadAction","target":["https:\/\/sharonloew.com\/colecciones\/constelaciones\/zcn-virgo\/"]}]},{"@type":"ImageObject","inLanguage":"en-US","@id":"https:\/\/sharonloew.com\/colecciones\/constelaciones\/zcn-virgo\/#primaryimage","url":"https:\/\/sharonloew.com\/wp-content\/uploads\/2020\/08\/3.-VIRGO-2.jpg","contentUrl":"https:\/\/sharonloew.com\/wp-content\/uploads\/2020\/08\/3.-VIRGO-2.jpg","width":539,"height":360},{"@type":"BreadcrumbList","@id":"https:\/\/sharonloew.com\/colecciones\/constelaciones\/zcn-virgo\/#breadcrumb","itemListElement":[{"@type":"ListItem","position":1,"name":"Inicio","item":"https:\/\/sharonloew.com\/"},{"@type":"ListItem","position":2,"name":"Colecciones","item":"https:\/\/sharonloew.com\/colecciones\/"},{"@type":"ListItem","position":3,"name":"CONSTELACIONES","item":"https:\/\/sharonloew.com\/categoria\/constelaciones\/"},{"@type":"ListItem","position":4,"name":"ZCN VIRGO"}]},{"@type":"WebSite","@id":"https:\/\/sharonloew.com\/#website","url":"https:\/\/sharonloew.com\/","name":"Sharon Loew","description":"Joyas y Accesorios","potentialAction":[{"@type":"SearchAction","target":{"@type":"EntryPoint","urlTemplate":"https:\/\/sharonloew.com\/?s={search_term_string}"},"query-input":{"@type":"PropertyValueSpecification","valueRequired":true,"valueName":"search_term_string"}}],"inLanguage":"en-US"}]}},"_links":{"self":[{"href":"https:\/\/sharonloew.com\/en\/wp-json\/wp\/v2\/product\/2309","targetHints":{"allow":["GET"]}}],"collection":[{"href":"https:\/\/sharonloew.com\/en\/wp-json\/wp\/v2\/product"}],"about":[{"href":"https:\/\/sharonloew.com\/en\/wp-json\/wp\/v2\/types\/product"}],"replies":[{"embeddable":true,"href":"https:\/\/sharonloew.com\/en\/wp-json\/wp\/v2\/comments?post=2309"}],"wp:featuredmedia":[{"embeddable":true,"href":"https:\/\/sharonloew.com\/en\/wp-json\/wp\/v2\/media\/2310"}],"wp:attachment":[{"href":"https:\/\/sharonloew.com\/en\/wp-json\/wp\/v2\/media?parent=2309"}],"wp:term":[{"taxonomy":"product_brand","embeddable":true,"href":"https:\/\/sharonloew.com\/en\/wp-json\/wp\/v2\/product_brand?post=2309"},{"taxonomy":"product_cat","embeddable":true,"href":"https:\/\/sharonloew.com\/en\/wp-json\/wp\/v2\/product_cat?post=2309"},{"taxonomy":"product_tag","embeddable":true,"href":"https:\/\/sharonloew.com\/en\/wp-json\/wp\/v2\/product_tag?post=2309"}],"curies":[{"name":"wp","href":"https:\/\/api.w.org\/{rel}","templated":true}]}}