{"id":2642,"date":"2022-08-17T20:40:41","date_gmt":"2022-08-17T20:40:41","guid":{"rendered":"https:\/\/sharonloew.com\/?post_type=product&#038;p=2642"},"modified":"2026-03-13T21:08:34","modified_gmt":"2026-03-13T21:08:34","slug":"bangles-dda","status":"publish","type":"product","link":"https:\/\/sharonloew.com\/en\/colecciones\/make-it-happen\/bangles-dda\/","title":{"rendered":"Dreamer Doer Achiever Bangles"},"content":{"rendered":"<p>Despu\u00e9s de mucho pensar, descubr\u00ed la f\u00f3rmula para lograr el \u00e9xito, (sea cual sea el significado de \u00e9xito para ti)\u00a0 y quiero compartirla contigo&#8230;<\/p>","protected":false},"excerpt":{"rendered":"<p>Juego de 3 brazaletes de acero ba\u00f1ados en oro, grabados con las palabras Dreamer, Doer y Achiever, ba\u00f1ados en oro amarillo y oro rosado.<\/p>","protected":false},"featured_media":3695,"comment_status":"open","ping_status":"closed","template":"","meta":{"_acf_changed":false},"product_brand":[],"product_cat":[202],"product_tag":[],"class_list":{"0":"post-2642","1":"product","2":"type-product","3":"status-publish","4":"has-post-thumbnail","6":"product_cat-make-it-happen","8":"first","9":"instock","10":"shipping-taxable","11":"purchasable","12":"product-type-simple"},"acf":[],"yoast_head":"<!-- This site is optimized with the Yoast SEO plugin v26.4 - https:\/\/yoast.com\/wordpress\/plugins\/seo\/ -->\n<title>Dreamer Doer Achiever Bangles - Sharon Loew<\/title>\n<meta name=\"robots\" content=\"index, follow, max-snippet:-1, max-image-preview:large, max-video-preview:-1\" \/>\n<link rel=\"canonical\" href=\"https:\/\/sharonloew.com\/en\/colecciones\/make-it-happen\/bangles-dda\/\" \/>\n<meta property=\"og:locale\" content=\"en_US\" \/>\n<meta property=\"og:type\" content=\"article\" \/>\n<meta property=\"og:title\" content=\"Dreamer Doer Achiever Bangles - Sharon Loew\" \/>\n<meta property=\"og:description\" content=\"Juego de 3 brazaletes de acero ba\u00f1ados en oro, grabados con las palabras Dreamer, Doer y Achiever, ba\u00f1ados en oro amarillo y oro rosado.\" \/>\n<meta property=\"og:url\" content=\"https:\/\/sharonloew.com\/en\/colecciones\/make-it-happen\/bangles-dda\/\" \/>\n<meta property=\"og:site_name\" content=\"Sharon Loew\" \/>\n<meta property=\"article:modified_time\" content=\"2026-03-13T21:08:34+00:00\" \/>\n<meta property=\"og:image\" content=\"https:\/\/sharonloew.com\/wp-content\/uploads\/2022\/08\/DREAMER-DOER-ACHIEVER-BRACELET.jpg\" \/>\n\t<meta property=\"og:image:width\" content=\"1246\" \/>\n\t<meta property=\"og:image:height\" content=\"830\" \/>\n\t<meta property=\"og:image:type\" content=\"image\/jpeg\" \/>\n<meta name=\"twitter:card\" content=\"summary_large_image\" \/>\n<meta name=\"twitter:label1\" content=\"Est. reading time\" \/>\n\t<meta name=\"twitter:data1\" content=\"1 minute\" \/>\n<script type=\"application\/ld+json\" class=\"yoast-schema-graph\">{\"@context\":\"https:\/\/schema.org\",\"@graph\":[{\"@type\":\"WebPage\",\"@id\":\"https:\/\/sharonloew.com\/colecciones\/make-it-happen\/bangles-dda\/\",\"url\":\"https:\/\/sharonloew.com\/colecciones\/make-it-happen\/bangles-dda\/\",\"name\":\"Dreamer Doer Achiever Bangles - Sharon Loew\",\"isPartOf\":{\"@id\":\"https:\/\/sharonloew.com\/#website\"},\"primaryImageOfPage\":{\"@id\":\"https:\/\/sharonloew.com\/colecciones\/make-it-happen\/bangles-dda\/#primaryimage\"},\"image\":{\"@id\":\"https:\/\/sharonloew.com\/colecciones\/make-it-happen\/bangles-dda\/#primaryimage\"},\"thumbnailUrl\":\"https:\/\/sharonloew.com\/wp-content\/uploads\/2022\/08\/DREAMER-DOER-ACHIEVER-BRACELET.jpg\",\"datePublished\":\"2022-08-17T20:40:41+00:00\",\"dateModified\":\"2026-03-13T21:08:34+00:00\",\"breadcrumb\":{\"@id\":\"https:\/\/sharonloew.com\/colecciones\/make-it-happen\/bangles-dda\/#breadcrumb\"},\"inLanguage\":\"en-US\",\"potentialAction\":[{\"@type\":\"ReadAction\",\"target\":[\"https:\/\/sharonloew.com\/colecciones\/make-it-happen\/bangles-dda\/\"]}]},{\"@type\":\"ImageObject\",\"inLanguage\":\"en-US\",\"@id\":\"https:\/\/sharonloew.com\/colecciones\/make-it-happen\/bangles-dda\/#primaryimage\",\"url\":\"https:\/\/sharonloew.com\/wp-content\/uploads\/2022\/08\/DREAMER-DOER-ACHIEVER-BRACELET.jpg\",\"contentUrl\":\"https:\/\/sharonloew.com\/wp-content\/uploads\/2022\/08\/DREAMER-DOER-ACHIEVER-BRACELET.jpg\",\"width\":1246,\"height\":830,\"caption\":\"Screenshot\"},{\"@type\":\"BreadcrumbList\",\"@id\":\"https:\/\/sharonloew.com\/colecciones\/make-it-happen\/bangles-dda\/#breadcrumb\",\"itemListElement\":[{\"@type\":\"ListItem\",\"position\":1,\"name\":\"Inicio\",\"item\":\"https:\/\/sharonloew.com\/\"},{\"@type\":\"ListItem\",\"position\":2,\"name\":\"Colecciones\",\"item\":\"https:\/\/sharonloew.com\/colecciones\/\"},{\"@type\":\"ListItem\",\"position\":3,\"name\":\"MAKE IT HAPPEN\",\"item\":\"https:\/\/sharonloew.com\/categoria\/make-it-happen\/\"},{\"@type\":\"ListItem\",\"position\":4,\"name\":\"Dreamer Doer Achiever Bangles\"}]},{\"@type\":\"WebSite\",\"@id\":\"https:\/\/sharonloew.com\/#website\",\"url\":\"https:\/\/sharonloew.com\/\",\"name\":\"Sharon Loew\",\"description\":\"Joyas y Accesorios\",\"potentialAction\":[{\"@type\":\"SearchAction\",\"target\":{\"@type\":\"EntryPoint\",\"urlTemplate\":\"https:\/\/sharonloew.com\/?s={search_term_string}\"},\"query-input\":{\"@type\":\"PropertyValueSpecification\",\"valueRequired\":true,\"valueName\":\"search_term_string\"}}],\"inLanguage\":\"en-US\"}]}<\/script>\n<!-- \/ Yoast SEO plugin. -->","yoast_head_json":{"title":"Dreamer Doer Achiever Bangles - Sharon Loew","robots":{"index":"index","follow":"follow","max-snippet":"max-snippet:-1","max-image-preview":"max-image-preview:large","max-video-preview":"max-video-preview:-1"},"canonical":"https:\/\/sharonloew.com\/en\/colecciones\/make-it-happen\/bangles-dda\/","og_locale":"en_US","og_type":"article","og_title":"Dreamer Doer Achiever Bangles - Sharon Loew","og_description":"Juego de 3 brazaletes de acero ba\u00f1ados en oro, grabados con las palabras Dreamer, Doer y Achiever, ba\u00f1ados en oro amarillo y oro rosado.","og_url":"https:\/\/sharonloew.com\/en\/colecciones\/make-it-happen\/bangles-dda\/","og_site_name":"Sharon Loew","article_modified_time":"2026-03-13T21:08:34+00:00","og_image":[{"width":1246,"height":830,"url":"https:\/\/sharonloew.com\/wp-content\/uploads\/2022\/08\/DREAMER-DOER-ACHIEVER-BRACELET.jpg","type":"image\/jpeg"}],"twitter_card":"summary_large_image","twitter_misc":{"Est. reading time":"1 minute"},"schema":{"@context":"https:\/\/schema.org","@graph":[{"@type":"WebPage","@id":"https:\/\/sharonloew.com\/colecciones\/make-it-happen\/bangles-dda\/","url":"https:\/\/sharonloew.com\/colecciones\/make-it-happen\/bangles-dda\/","name":"Dreamer Doer Achiever Bangles - Sharon Loew","isPartOf":{"@id":"https:\/\/sharonloew.com\/#website"},"primaryImageOfPage":{"@id":"https:\/\/sharonloew.com\/colecciones\/make-it-happen\/bangles-dda\/#primaryimage"},"image":{"@id":"https:\/\/sharonloew.com\/colecciones\/make-it-happen\/bangles-dda\/#primaryimage"},"thumbnailUrl":"https:\/\/sharonloew.com\/wp-content\/uploads\/2022\/08\/DREAMER-DOER-ACHIEVER-BRACELET.jpg","datePublished":"2022-08-17T20:40:41+00:00","dateModified":"2026-03-13T21:08:34+00:00","breadcrumb":{"@id":"https:\/\/sharonloew.com\/colecciones\/make-it-happen\/bangles-dda\/#breadcrumb"},"inLanguage":"en-US","potentialAction":[{"@type":"ReadAction","target":["https:\/\/sharonloew.com\/colecciones\/make-it-happen\/bangles-dda\/"]}]},{"@type":"ImageObject","inLanguage":"en-US","@id":"https:\/\/sharonloew.com\/colecciones\/make-it-happen\/bangles-dda\/#primaryimage","url":"https:\/\/sharonloew.com\/wp-content\/uploads\/2022\/08\/DREAMER-DOER-ACHIEVER-BRACELET.jpg","contentUrl":"https:\/\/sharonloew.com\/wp-content\/uploads\/2022\/08\/DREAMER-DOER-ACHIEVER-BRACELET.jpg","width":1246,"height":830,"caption":"Screenshot"},{"@type":"BreadcrumbList","@id":"https:\/\/sharonloew.com\/colecciones\/make-it-happen\/bangles-dda\/#breadcrumb","itemListElement":[{"@type":"ListItem","position":1,"name":"Inicio","item":"https:\/\/sharonloew.com\/"},{"@type":"ListItem","position":2,"name":"Colecciones","item":"https:\/\/sharonloew.com\/colecciones\/"},{"@type":"ListItem","position":3,"name":"MAKE IT HAPPEN","item":"https:\/\/sharonloew.com\/categoria\/make-it-happen\/"},{"@type":"ListItem","position":4,"name":"Dreamer Doer Achiever Bangles"}]},{"@type":"WebSite","@id":"https:\/\/sharonloew.com\/#website","url":"https:\/\/sharonloew.com\/","name":"Sharon Loew","description":"Joyas y Accesorios","potentialAction":[{"@type":"SearchAction","target":{"@type":"EntryPoint","urlTemplate":"https:\/\/sharonloew.com\/?s={search_term_string}"},"query-input":{"@type":"PropertyValueSpecification","valueRequired":true,"valueName":"search_term_string"}}],"inLanguage":"en-US"}]}},"_links":{"self":[{"href":"https:\/\/sharonloew.com\/en\/wp-json\/wp\/v2\/product\/2642","targetHints":{"allow":["GET"]}}],"collection":[{"href":"https:\/\/sharonloew.com\/en\/wp-json\/wp\/v2\/product"}],"about":[{"href":"https:\/\/sharonloew.com\/en\/wp-json\/wp\/v2\/types\/product"}],"replies":[{"embeddable":true,"href":"https:\/\/sharonloew.com\/en\/wp-json\/wp\/v2\/comments?post=2642"}],"wp:featuredmedia":[{"embeddable":true,"href":"https:\/\/sharonloew.com\/en\/wp-json\/wp\/v2\/media\/3695"}],"wp:attachment":[{"href":"https:\/\/sharonloew.com\/en\/wp-json\/wp\/v2\/media?parent=2642"}],"wp:term":[{"taxonomy":"product_brand","embeddable":true,"href":"https:\/\/sharonloew.com\/en\/wp-json\/wp\/v2\/product_brand?post=2642"},{"taxonomy":"product_cat","embeddable":true,"href":"https:\/\/sharonloew.com\/en\/wp-json\/wp\/v2\/product_cat?post=2642"},{"taxonomy":"product_tag","embeddable":true,"href":"https:\/\/sharonloew.com\/en\/wp-json\/wp\/v2\/product_tag?post=2642"}],"curies":[{"name":"wp","href":"https:\/\/api.w.org\/{rel}","templated":true}]}}