{"id":2915,"date":"2023-04-13T21:58:48","date_gmt":"2023-04-13T21:58:48","guid":{"rendered":"https:\/\/sharonloew.com\/?post_type=product&#038;p=2915"},"modified":"2023-12-04T02:31:12","modified_gmt":"2023-12-04T02:31:12","slug":"maxi-earcuff-perlas","status":"publish","type":"product","link":"https:\/\/sharonloew.com\/en\/colecciones\/zarcillos-y-earcuffs\/maxi-earcuff-perlas\/","title":{"rendered":"MAXI EARCUFF PERLAS"},"content":{"rendered":"<p>Maxi earcuff ba\u00f1ado en oro con perlas<\/p>","protected":false},"excerpt":{"rendered":"<p>Las perlas se consideran un s\u00edmbolo de elegancia y belleza y se han asociado tradicionalmente con la maternidad, la feminidad y la familia&#8230;<br \/>\nAdem\u00e1s han sido un regalo muy popular para las Madres porque representan amor y gratitud.<br \/>\nDe modo que la relaci\u00f3n entre las perlas y las Madres es simb\u00f3lica y cultural y ha sido honrada y apreciada durante muchos siglos&#8230;<\/p>","protected":false},"featured_media":3053,"comment_status":"open","ping_status":"closed","template":"","meta":{"_acf_changed":false},"product_brand":[],"product_cat":[216,215],"product_tag":[],"class_list":{"0":"post-2915","1":"product","2":"type-product","3":"status-publish","4":"has-post-thumbnail","6":"product_cat-wonderful-mom","7":"product_cat-zarcillos-y-earcuffs","9":"first","10":"instock","11":"shipping-taxable","12":"purchasable","13":"product-type-simple"},"acf":[],"yoast_head":"<!-- This site is optimized with the Yoast SEO plugin v26.4 - https:\/\/yoast.com\/wordpress\/plugins\/seo\/ -->\n<title>MAXI EARCUFF PERLAS - Sharon Loew<\/title>\n<meta name=\"robots\" content=\"index, follow, max-snippet:-1, max-image-preview:large, max-video-preview:-1\" \/>\n<link rel=\"canonical\" href=\"https:\/\/sharonloew.com\/en\/colecciones\/zarcillos-y-earcuffs\/maxi-earcuff-perlas\/\" \/>\n<meta property=\"og:locale\" content=\"en_US\" \/>\n<meta property=\"og:type\" content=\"article\" \/>\n<meta property=\"og:title\" content=\"MAXI EARCUFF PERLAS - Sharon Loew\" \/>\n<meta property=\"og:description\" content=\"Las perlas se consideran un s\u00edmbolo de elegancia y belleza y se han asociado tradicionalmente con la maternidad, la feminidad y la familia... Adem\u00e1s han sido un regalo muy popular para las Madres porque representan amor y gratitud. De modo que la relaci\u00f3n entre las perlas y las Madres es simb\u00f3lica y cultural y ha sido honrada y apreciada durante muchos siglos...\" \/>\n<meta property=\"og:url\" content=\"https:\/\/sharonloew.com\/en\/colecciones\/zarcillos-y-earcuffs\/maxi-earcuff-perlas\/\" \/>\n<meta property=\"og:site_name\" content=\"Sharon Loew\" \/>\n<meta property=\"article:modified_time\" content=\"2023-12-04T02:31:12+00:00\" \/>\n<meta property=\"og:image\" content=\"https:\/\/sharonloew.com\/wp-content\/uploads\/2023\/04\/MAXI-EARCUFF-PERLAS.png\" \/>\n\t<meta property=\"og:image:width\" content=\"3024\" \/>\n\t<meta property=\"og:image:height\" content=\"4032\" \/>\n\t<meta property=\"og:image:type\" content=\"image\/png\" \/>\n<meta name=\"twitter:card\" content=\"summary_large_image\" \/>\n<meta name=\"twitter:label1\" content=\"Est. reading time\" \/>\n\t<meta name=\"twitter:data1\" content=\"1 minute\" \/>\n<script type=\"application\/ld+json\" class=\"yoast-schema-graph\">{\"@context\":\"https:\/\/schema.org\",\"@graph\":[{\"@type\":\"WebPage\",\"@id\":\"https:\/\/sharonloew.com\/colecciones\/zarcillos-y-earcuffs\/maxi-earcuff-perlas\/\",\"url\":\"https:\/\/sharonloew.com\/colecciones\/zarcillos-y-earcuffs\/maxi-earcuff-perlas\/\",\"name\":\"MAXI EARCUFF PERLAS - Sharon Loew\",\"isPartOf\":{\"@id\":\"https:\/\/sharonloew.com\/#website\"},\"primaryImageOfPage\":{\"@id\":\"https:\/\/sharonloew.com\/colecciones\/zarcillos-y-earcuffs\/maxi-earcuff-perlas\/#primaryimage\"},\"image\":{\"@id\":\"https:\/\/sharonloew.com\/colecciones\/zarcillos-y-earcuffs\/maxi-earcuff-perlas\/#primaryimage\"},\"thumbnailUrl\":\"https:\/\/sharonloew.com\/wp-content\/uploads\/2023\/06\/img_9023-1.jpeg\",\"datePublished\":\"2023-04-13T21:58:48+00:00\",\"dateModified\":\"2023-12-04T02:31:12+00:00\",\"breadcrumb\":{\"@id\":\"https:\/\/sharonloew.com\/colecciones\/zarcillos-y-earcuffs\/maxi-earcuff-perlas\/#breadcrumb\"},\"inLanguage\":\"en-US\",\"potentialAction\":[{\"@type\":\"ReadAction\",\"target\":[\"https:\/\/sharonloew.com\/colecciones\/zarcillos-y-earcuffs\/maxi-earcuff-perlas\/\"]}]},{\"@type\":\"ImageObject\",\"inLanguage\":\"en-US\",\"@id\":\"https:\/\/sharonloew.com\/colecciones\/zarcillos-y-earcuffs\/maxi-earcuff-perlas\/#primaryimage\",\"url\":\"https:\/\/sharonloew.com\/wp-content\/uploads\/2023\/06\/img_9023-1.jpeg\",\"contentUrl\":\"https:\/\/sharonloew.com\/wp-content\/uploads\/2023\/06\/img_9023-1.jpeg\",\"width\":848,\"height\":1131},{\"@type\":\"BreadcrumbList\",\"@id\":\"https:\/\/sharonloew.com\/colecciones\/zarcillos-y-earcuffs\/maxi-earcuff-perlas\/#breadcrumb\",\"itemListElement\":[{\"@type\":\"ListItem\",\"position\":1,\"name\":\"Inicio\",\"item\":\"https:\/\/sharonloew.com\/\"},{\"@type\":\"ListItem\",\"position\":2,\"name\":\"Colecciones\",\"item\":\"https:\/\/sharonloew.com\/colecciones\/\"},{\"@type\":\"ListItem\",\"position\":3,\"name\":\"WONDERFUL MOM (EDICI\u00d3N ESPECIAL)\",\"item\":\"https:\/\/sharonloew.com\/categoria\/wonderful-mom\/\"},{\"@type\":\"ListItem\",\"position\":4,\"name\":\"MAXI EARCUFF PERLAS\"}]},{\"@type\":\"WebSite\",\"@id\":\"https:\/\/sharonloew.com\/#website\",\"url\":\"https:\/\/sharonloew.com\/\",\"name\":\"Sharon Loew\",\"description\":\"Joyas y Accesorios\",\"potentialAction\":[{\"@type\":\"SearchAction\",\"target\":{\"@type\":\"EntryPoint\",\"urlTemplate\":\"https:\/\/sharonloew.com\/?s={search_term_string}\"},\"query-input\":{\"@type\":\"PropertyValueSpecification\",\"valueRequired\":true,\"valueName\":\"search_term_string\"}}],\"inLanguage\":\"en-US\"}]}<\/script>\n<!-- \/ Yoast SEO plugin. -->","yoast_head_json":{"title":"MAXI EARCUFF PERLAS - Sharon Loew","robots":{"index":"index","follow":"follow","max-snippet":"max-snippet:-1","max-image-preview":"max-image-preview:large","max-video-preview":"max-video-preview:-1"},"canonical":"https:\/\/sharonloew.com\/en\/colecciones\/zarcillos-y-earcuffs\/maxi-earcuff-perlas\/","og_locale":"en_US","og_type":"article","og_title":"MAXI EARCUFF PERLAS - Sharon Loew","og_description":"Las perlas se consideran un s\u00edmbolo de elegancia y belleza y se han asociado tradicionalmente con la maternidad, la feminidad y la familia... Adem\u00e1s han sido un regalo muy popular para las Madres porque representan amor y gratitud. De modo que la relaci\u00f3n entre las perlas y las Madres es simb\u00f3lica y cultural y ha sido honrada y apreciada durante muchos siglos...","og_url":"https:\/\/sharonloew.com\/en\/colecciones\/zarcillos-y-earcuffs\/maxi-earcuff-perlas\/","og_site_name":"Sharon Loew","article_modified_time":"2023-12-04T02:31:12+00:00","og_image":[{"width":3024,"height":4032,"url":"https:\/\/sharonloew.com\/wp-content\/uploads\/2023\/04\/MAXI-EARCUFF-PERLAS.png","type":"image\/png"}],"twitter_card":"summary_large_image","twitter_misc":{"Est. reading time":"1 minute"},"schema":{"@context":"https:\/\/schema.org","@graph":[{"@type":"WebPage","@id":"https:\/\/sharonloew.com\/colecciones\/zarcillos-y-earcuffs\/maxi-earcuff-perlas\/","url":"https:\/\/sharonloew.com\/colecciones\/zarcillos-y-earcuffs\/maxi-earcuff-perlas\/","name":"MAXI EARCUFF PERLAS - Sharon Loew","isPartOf":{"@id":"https:\/\/sharonloew.com\/#website"},"primaryImageOfPage":{"@id":"https:\/\/sharonloew.com\/colecciones\/zarcillos-y-earcuffs\/maxi-earcuff-perlas\/#primaryimage"},"image":{"@id":"https:\/\/sharonloew.com\/colecciones\/zarcillos-y-earcuffs\/maxi-earcuff-perlas\/#primaryimage"},"thumbnailUrl":"https:\/\/sharonloew.com\/wp-content\/uploads\/2023\/06\/img_9023-1.jpeg","datePublished":"2023-04-13T21:58:48+00:00","dateModified":"2023-12-04T02:31:12+00:00","breadcrumb":{"@id":"https:\/\/sharonloew.com\/colecciones\/zarcillos-y-earcuffs\/maxi-earcuff-perlas\/#breadcrumb"},"inLanguage":"en-US","potentialAction":[{"@type":"ReadAction","target":["https:\/\/sharonloew.com\/colecciones\/zarcillos-y-earcuffs\/maxi-earcuff-perlas\/"]}]},{"@type":"ImageObject","inLanguage":"en-US","@id":"https:\/\/sharonloew.com\/colecciones\/zarcillos-y-earcuffs\/maxi-earcuff-perlas\/#primaryimage","url":"https:\/\/sharonloew.com\/wp-content\/uploads\/2023\/06\/img_9023-1.jpeg","contentUrl":"https:\/\/sharonloew.com\/wp-content\/uploads\/2023\/06\/img_9023-1.jpeg","width":848,"height":1131},{"@type":"BreadcrumbList","@id":"https:\/\/sharonloew.com\/colecciones\/zarcillos-y-earcuffs\/maxi-earcuff-perlas\/#breadcrumb","itemListElement":[{"@type":"ListItem","position":1,"name":"Inicio","item":"https:\/\/sharonloew.com\/"},{"@type":"ListItem","position":2,"name":"Colecciones","item":"https:\/\/sharonloew.com\/colecciones\/"},{"@type":"ListItem","position":3,"name":"WONDERFUL MOM (EDICI\u00d3N ESPECIAL)","item":"https:\/\/sharonloew.com\/categoria\/wonderful-mom\/"},{"@type":"ListItem","position":4,"name":"MAXI EARCUFF PERLAS"}]},{"@type":"WebSite","@id":"https:\/\/sharonloew.com\/#website","url":"https:\/\/sharonloew.com\/","name":"Sharon Loew","description":"Joyas y Accesorios","potentialAction":[{"@type":"SearchAction","target":{"@type":"EntryPoint","urlTemplate":"https:\/\/sharonloew.com\/?s={search_term_string}"},"query-input":{"@type":"PropertyValueSpecification","valueRequired":true,"valueName":"search_term_string"}}],"inLanguage":"en-US"}]}},"_links":{"self":[{"href":"https:\/\/sharonloew.com\/en\/wp-json\/wp\/v2\/product\/2915","targetHints":{"allow":["GET"]}}],"collection":[{"href":"https:\/\/sharonloew.com\/en\/wp-json\/wp\/v2\/product"}],"about":[{"href":"https:\/\/sharonloew.com\/en\/wp-json\/wp\/v2\/types\/product"}],"replies":[{"embeddable":true,"href":"https:\/\/sharonloew.com\/en\/wp-json\/wp\/v2\/comments?post=2915"}],"wp:featuredmedia":[{"embeddable":true,"href":"https:\/\/sharonloew.com\/en\/wp-json\/wp\/v2\/media\/3053"}],"wp:attachment":[{"href":"https:\/\/sharonloew.com\/en\/wp-json\/wp\/v2\/media?parent=2915"}],"wp:term":[{"taxonomy":"product_brand","embeddable":true,"href":"https:\/\/sharonloew.com\/en\/wp-json\/wp\/v2\/product_brand?post=2915"},{"taxonomy":"product_cat","embeddable":true,"href":"https:\/\/sharonloew.com\/en\/wp-json\/wp\/v2\/product_cat?post=2915"},{"taxonomy":"product_tag","embeddable":true,"href":"https:\/\/sharonloew.com\/en\/wp-json\/wp\/v2\/product_tag?post=2915"}],"curies":[{"name":"wp","href":"https:\/\/api.w.org\/{rel}","templated":true}]}}