{"id":3262,"date":"2024-02-02T19:49:30","date_gmt":"2024-02-02T19:49:30","guid":{"rendered":"https:\/\/sharonloew.com\/?post_type=product&#038;p=3262"},"modified":"2024-02-02T19:49:30","modified_gmt":"2024-02-02T19:49:30","slug":"pulsera-iconic-1-corazon-bano-de-plata","status":"publish","type":"product","link":"https:\/\/sharonloew.com\/en\/colecciones\/icons\/pulsera-iconic-1-corazon-bano-de-plata\/","title":{"rendered":"Pulsera Iconic 1 corazon ba\u00f1o de plata"},"content":{"rendered":"<p>Pulsera elaborada en balines 8 mm de cromoniquel ba\u00f1ados en plata y abalorio de coraz\u00f3n ba\u00f1ado en plata<\/p>","protected":false},"excerpt":{"rendered":"<p>Que el amor siempre sea la respuesta\u2026<\/p>","protected":false},"featured_media":3263,"comment_status":"open","ping_status":"closed","template":"","meta":{"_acf_changed":false},"product_brand":[],"product_cat":[222],"product_tag":[],"class_list":{"0":"post-3262","1":"product","2":"type-product","3":"status-publish","4":"has-post-thumbnail","6":"product_cat-icons","8":"first","9":"instock","10":"shipping-taxable","11":"purchasable","12":"product-type-simple"},"acf":[],"yoast_head":"<!-- This site is optimized with the Yoast SEO plugin v26.4 - https:\/\/yoast.com\/wordpress\/plugins\/seo\/ -->\n<title>Pulsera Iconic 1 corazon ba\u00f1o de plata - Sharon Loew<\/title>\n<meta name=\"robots\" content=\"index, follow, max-snippet:-1, max-image-preview:large, max-video-preview:-1\" \/>\n<link rel=\"canonical\" href=\"https:\/\/sharonloew.com\/en\/colecciones\/icons\/pulsera-iconic-1-corazon-bano-de-plata\/\" \/>\n<meta property=\"og:locale\" content=\"en_US\" \/>\n<meta property=\"og:type\" content=\"article\" \/>\n<meta property=\"og:title\" content=\"Pulsera Iconic 1 corazon ba\u00f1o de plata - Sharon Loew\" \/>\n<meta property=\"og:description\" content=\"Que el amor siempre sea la respuesta\u2026\" \/>\n<meta property=\"og:url\" content=\"https:\/\/sharonloew.com\/en\/colecciones\/icons\/pulsera-iconic-1-corazon-bano-de-plata\/\" \/>\n<meta property=\"og:site_name\" content=\"Sharon Loew\" \/>\n<meta property=\"og:image\" content=\"https:\/\/sharonloew.com\/wp-content\/uploads\/2024\/02\/247C9560-F633-4082-9E00-E44EC9644F6A.png\" \/>\n\t<meta property=\"og:image:width\" content=\"1080\" \/>\n\t<meta property=\"og:image:height\" content=\"1350\" \/>\n\t<meta property=\"og:image:type\" content=\"image\/png\" \/>\n<meta name=\"twitter:card\" content=\"summary_large_image\" \/>\n<script type=\"application\/ld+json\" class=\"yoast-schema-graph\">{\"@context\":\"https:\/\/schema.org\",\"@graph\":[{\"@type\":\"WebPage\",\"@id\":\"https:\/\/sharonloew.com\/colecciones\/icons\/pulsera-iconic-1-corazon-bano-de-plata\/\",\"url\":\"https:\/\/sharonloew.com\/colecciones\/icons\/pulsera-iconic-1-corazon-bano-de-plata\/\",\"name\":\"Pulsera Iconic 1 corazon ba\u00f1o de plata - Sharon Loew\",\"isPartOf\":{\"@id\":\"https:\/\/sharonloew.com\/#website\"},\"primaryImageOfPage\":{\"@id\":\"https:\/\/sharonloew.com\/colecciones\/icons\/pulsera-iconic-1-corazon-bano-de-plata\/#primaryimage\"},\"image\":{\"@id\":\"https:\/\/sharonloew.com\/colecciones\/icons\/pulsera-iconic-1-corazon-bano-de-plata\/#primaryimage\"},\"thumbnailUrl\":\"https:\/\/sharonloew.com\/wp-content\/uploads\/2024\/02\/247C9560-F633-4082-9E00-E44EC9644F6A.png\",\"datePublished\":\"2024-02-02T19:49:30+00:00\",\"breadcrumb\":{\"@id\":\"https:\/\/sharonloew.com\/colecciones\/icons\/pulsera-iconic-1-corazon-bano-de-plata\/#breadcrumb\"},\"inLanguage\":\"en-US\",\"potentialAction\":[{\"@type\":\"ReadAction\",\"target\":[\"https:\/\/sharonloew.com\/colecciones\/icons\/pulsera-iconic-1-corazon-bano-de-plata\/\"]}]},{\"@type\":\"ImageObject\",\"inLanguage\":\"en-US\",\"@id\":\"https:\/\/sharonloew.com\/colecciones\/icons\/pulsera-iconic-1-corazon-bano-de-plata\/#primaryimage\",\"url\":\"https:\/\/sharonloew.com\/wp-content\/uploads\/2024\/02\/247C9560-F633-4082-9E00-E44EC9644F6A.png\",\"contentUrl\":\"https:\/\/sharonloew.com\/wp-content\/uploads\/2024\/02\/247C9560-F633-4082-9E00-E44EC9644F6A.png\",\"width\":1080,\"height\":1350},{\"@type\":\"BreadcrumbList\",\"@id\":\"https:\/\/sharonloew.com\/colecciones\/icons\/pulsera-iconic-1-corazon-bano-de-plata\/#breadcrumb\",\"itemListElement\":[{\"@type\":\"ListItem\",\"position\":1,\"name\":\"Inicio\",\"item\":\"https:\/\/sharonloew.com\/\"},{\"@type\":\"ListItem\",\"position\":2,\"name\":\"Colecciones\",\"item\":\"https:\/\/sharonloew.com\/colecciones\/\"},{\"@type\":\"ListItem\",\"position\":3,\"name\":\"ICONS\",\"item\":\"https:\/\/sharonloew.com\/categoria\/icons\/\"},{\"@type\":\"ListItem\",\"position\":4,\"name\":\"Pulsera Iconic 1 corazon ba\u00f1o de plata\"}]},{\"@type\":\"WebSite\",\"@id\":\"https:\/\/sharonloew.com\/#website\",\"url\":\"https:\/\/sharonloew.com\/\",\"name\":\"Sharon Loew\",\"description\":\"Joyas y Accesorios\",\"potentialAction\":[{\"@type\":\"SearchAction\",\"target\":{\"@type\":\"EntryPoint\",\"urlTemplate\":\"https:\/\/sharonloew.com\/?s={search_term_string}\"},\"query-input\":{\"@type\":\"PropertyValueSpecification\",\"valueRequired\":true,\"valueName\":\"search_term_string\"}}],\"inLanguage\":\"en-US\"}]}<\/script>\n<!-- \/ Yoast SEO plugin. -->","yoast_head_json":{"title":"Pulsera Iconic 1 corazon ba\u00f1o de plata - Sharon Loew","robots":{"index":"index","follow":"follow","max-snippet":"max-snippet:-1","max-image-preview":"max-image-preview:large","max-video-preview":"max-video-preview:-1"},"canonical":"https:\/\/sharonloew.com\/en\/colecciones\/icons\/pulsera-iconic-1-corazon-bano-de-plata\/","og_locale":"en_US","og_type":"article","og_title":"Pulsera Iconic 1 corazon ba\u00f1o de plata - Sharon Loew","og_description":"Que el amor siempre sea la respuesta\u2026","og_url":"https:\/\/sharonloew.com\/en\/colecciones\/icons\/pulsera-iconic-1-corazon-bano-de-plata\/","og_site_name":"Sharon Loew","og_image":[{"width":1080,"height":1350,"url":"https:\/\/sharonloew.com\/wp-content\/uploads\/2024\/02\/247C9560-F633-4082-9E00-E44EC9644F6A.png","type":"image\/png"}],"twitter_card":"summary_large_image","schema":{"@context":"https:\/\/schema.org","@graph":[{"@type":"WebPage","@id":"https:\/\/sharonloew.com\/colecciones\/icons\/pulsera-iconic-1-corazon-bano-de-plata\/","url":"https:\/\/sharonloew.com\/colecciones\/icons\/pulsera-iconic-1-corazon-bano-de-plata\/","name":"Pulsera Iconic 1 corazon ba\u00f1o de plata - Sharon Loew","isPartOf":{"@id":"https:\/\/sharonloew.com\/#website"},"primaryImageOfPage":{"@id":"https:\/\/sharonloew.com\/colecciones\/icons\/pulsera-iconic-1-corazon-bano-de-plata\/#primaryimage"},"image":{"@id":"https:\/\/sharonloew.com\/colecciones\/icons\/pulsera-iconic-1-corazon-bano-de-plata\/#primaryimage"},"thumbnailUrl":"https:\/\/sharonloew.com\/wp-content\/uploads\/2024\/02\/247C9560-F633-4082-9E00-E44EC9644F6A.png","datePublished":"2024-02-02T19:49:30+00:00","breadcrumb":{"@id":"https:\/\/sharonloew.com\/colecciones\/icons\/pulsera-iconic-1-corazon-bano-de-plata\/#breadcrumb"},"inLanguage":"en-US","potentialAction":[{"@type":"ReadAction","target":["https:\/\/sharonloew.com\/colecciones\/icons\/pulsera-iconic-1-corazon-bano-de-plata\/"]}]},{"@type":"ImageObject","inLanguage":"en-US","@id":"https:\/\/sharonloew.com\/colecciones\/icons\/pulsera-iconic-1-corazon-bano-de-plata\/#primaryimage","url":"https:\/\/sharonloew.com\/wp-content\/uploads\/2024\/02\/247C9560-F633-4082-9E00-E44EC9644F6A.png","contentUrl":"https:\/\/sharonloew.com\/wp-content\/uploads\/2024\/02\/247C9560-F633-4082-9E00-E44EC9644F6A.png","width":1080,"height":1350},{"@type":"BreadcrumbList","@id":"https:\/\/sharonloew.com\/colecciones\/icons\/pulsera-iconic-1-corazon-bano-de-plata\/#breadcrumb","itemListElement":[{"@type":"ListItem","position":1,"name":"Inicio","item":"https:\/\/sharonloew.com\/"},{"@type":"ListItem","position":2,"name":"Colecciones","item":"https:\/\/sharonloew.com\/colecciones\/"},{"@type":"ListItem","position":3,"name":"ICONS","item":"https:\/\/sharonloew.com\/categoria\/icons\/"},{"@type":"ListItem","position":4,"name":"Pulsera Iconic 1 corazon ba\u00f1o de plata"}]},{"@type":"WebSite","@id":"https:\/\/sharonloew.com\/#website","url":"https:\/\/sharonloew.com\/","name":"Sharon Loew","description":"Joyas y Accesorios","potentialAction":[{"@type":"SearchAction","target":{"@type":"EntryPoint","urlTemplate":"https:\/\/sharonloew.com\/?s={search_term_string}"},"query-input":{"@type":"PropertyValueSpecification","valueRequired":true,"valueName":"search_term_string"}}],"inLanguage":"en-US"}]}},"_links":{"self":[{"href":"https:\/\/sharonloew.com\/en\/wp-json\/wp\/v2\/product\/3262","targetHints":{"allow":["GET"]}}],"collection":[{"href":"https:\/\/sharonloew.com\/en\/wp-json\/wp\/v2\/product"}],"about":[{"href":"https:\/\/sharonloew.com\/en\/wp-json\/wp\/v2\/types\/product"}],"replies":[{"embeddable":true,"href":"https:\/\/sharonloew.com\/en\/wp-json\/wp\/v2\/comments?post=3262"}],"wp:featuredmedia":[{"embeddable":true,"href":"https:\/\/sharonloew.com\/en\/wp-json\/wp\/v2\/media\/3263"}],"wp:attachment":[{"href":"https:\/\/sharonloew.com\/en\/wp-json\/wp\/v2\/media?parent=3262"}],"wp:term":[{"taxonomy":"product_brand","embeddable":true,"href":"https:\/\/sharonloew.com\/en\/wp-json\/wp\/v2\/product_brand?post=3262"},{"taxonomy":"product_cat","embeddable":true,"href":"https:\/\/sharonloew.com\/en\/wp-json\/wp\/v2\/product_cat?post=3262"},{"taxonomy":"product_tag","embeddable":true,"href":"https:\/\/sharonloew.com\/en\/wp-json\/wp\/v2\/product_tag?post=3262"}],"curies":[{"name":"wp","href":"https:\/\/api.w.org\/{rel}","templated":true}]}}