{"id":3569,"date":"2025-09-24T18:48:02","date_gmt":"2025-09-24T18:48:02","guid":{"rendered":"https:\/\/sharonloew.com\/?post_type=product&#038;p=3569"},"modified":"2026-03-11T13:35:16","modified_gmt":"2026-03-11T13:35:16","slug":"collar-virgen-desatanudos-plateado","status":"publish","type":"product","link":"https:\/\/sharonloew.com\/en\/colecciones\/faith\/collar-virgen-desatanudos-plateado\/","title":{"rendered":"COLLAR VIRGEN DESATANUDOS PLATEADO"},"content":{"rendered":"<p>Cadena de nudos de acero con dije de Virgen Mar\u00eda Desatanudos. <\/p>","protected":false},"excerpt":{"rendered":"<p>Su historia se remonta al Siglo XVII, en Alemania, cuando un matrimonio atravesaba una fuerte crisis.<br \/>\nEl esposo busc\u00f3 la ayuda de un Sacerdote, quien durante las sesiones de oraci\u00f3n tom\u00f3 una cinta blanca con nudos (que simbolizaba el matrimonio y sus problemas) y la present\u00f3 ante la Virgen.<br \/>\nAl orar, los nudos de la cinta se soltaron milagrosamente y el matrimonio fue restaurado. Desde entonces, Mar\u00eda fue venerada como la que desata los nudos de la vida.<\/p>","protected":false},"featured_media":3570,"comment_status":"open","ping_status":"closed","template":"","meta":{"_acf_changed":false},"product_brand":[],"product_cat":[193],"product_tag":[],"class_list":{"0":"post-3569","1":"product","2":"type-product","3":"status-publish","4":"has-post-thumbnail","6":"product_cat-faith","8":"first","9":"instock","10":"shipping-taxable","11":"purchasable","12":"product-type-simple"},"acf":[],"yoast_head":"<!-- This site is optimized with the Yoast SEO plugin v26.4 - https:\/\/yoast.com\/wordpress\/plugins\/seo\/ -->\n<title>COLLAR VIRGEN DESATANUDOS PLATEADO - Sharon Loew<\/title>\n<meta name=\"robots\" content=\"index, follow, max-snippet:-1, max-image-preview:large, max-video-preview:-1\" \/>\n<link rel=\"canonical\" href=\"https:\/\/sharonloew.com\/en\/colecciones\/faith\/collar-virgen-desatanudos-plateado\/\" \/>\n<meta property=\"og:locale\" content=\"en_US\" \/>\n<meta property=\"og:type\" content=\"article\" \/>\n<meta property=\"og:title\" content=\"COLLAR VIRGEN DESATANUDOS PLATEADO - Sharon Loew\" \/>\n<meta property=\"og:description\" content=\"Su historia se remonta al Siglo XVII, en Alemania, cuando un matrimonio atravesaba una fuerte crisis.  El esposo busc\u00f3 la ayuda de un Sacerdote, quien durante las sesiones de oraci\u00f3n tom\u00f3 una cinta blanca con nudos (que simbolizaba el matrimonio y sus problemas) y la present\u00f3 ante la Virgen. Al orar, los nudos de la cinta se soltaron milagrosamente y el matrimonio fue restaurado. Desde entonces, Mar\u00eda fue venerada como la que desata los nudos de la vida.\" \/>\n<meta property=\"og:url\" content=\"https:\/\/sharonloew.com\/en\/colecciones\/faith\/collar-virgen-desatanudos-plateado\/\" \/>\n<meta property=\"og:site_name\" content=\"Sharon Loew\" \/>\n<meta property=\"article:modified_time\" content=\"2026-03-11T13:35:16+00:00\" \/>\n<meta property=\"og:image\" content=\"https:\/\/sharonloew.com\/wp-content\/uploads\/2025\/09\/COLLAR-VIRGEN-DESATANUDOS-SILVER-scaled.jpg\" \/>\n\t<meta property=\"og:image:width\" content=\"2152\" \/>\n\t<meta property=\"og:image:height\" content=\"2560\" \/>\n\t<meta property=\"og:image:type\" content=\"image\/jpeg\" \/>\n<meta name=\"twitter:card\" content=\"summary_large_image\" \/>\n<meta name=\"twitter:label1\" content=\"Est. reading time\" \/>\n\t<meta name=\"twitter:data1\" content=\"1 minute\" \/>\n<script type=\"application\/ld+json\" class=\"yoast-schema-graph\">{\"@context\":\"https:\/\/schema.org\",\"@graph\":[{\"@type\":\"WebPage\",\"@id\":\"https:\/\/sharonloew.com\/colecciones\/faith\/collar-virgen-desatanudos-plateado\/\",\"url\":\"https:\/\/sharonloew.com\/colecciones\/faith\/collar-virgen-desatanudos-plateado\/\",\"name\":\"COLLAR VIRGEN DESATANUDOS PLATEADO - Sharon Loew\",\"isPartOf\":{\"@id\":\"https:\/\/sharonloew.com\/#website\"},\"primaryImageOfPage\":{\"@id\":\"https:\/\/sharonloew.com\/colecciones\/faith\/collar-virgen-desatanudos-plateado\/#primaryimage\"},\"image\":{\"@id\":\"https:\/\/sharonloew.com\/colecciones\/faith\/collar-virgen-desatanudos-plateado\/#primaryimage\"},\"thumbnailUrl\":\"https:\/\/sharonloew.com\/wp-content\/uploads\/2025\/09\/COLLAR-VIRGEN-DESATANUDOS-SILVER-scaled.jpg\",\"datePublished\":\"2025-09-24T18:48:02+00:00\",\"dateModified\":\"2026-03-11T13:35:16+00:00\",\"breadcrumb\":{\"@id\":\"https:\/\/sharonloew.com\/colecciones\/faith\/collar-virgen-desatanudos-plateado\/#breadcrumb\"},\"inLanguage\":\"en-US\",\"potentialAction\":[{\"@type\":\"ReadAction\",\"target\":[\"https:\/\/sharonloew.com\/colecciones\/faith\/collar-virgen-desatanudos-plateado\/\"]}]},{\"@type\":\"ImageObject\",\"inLanguage\":\"en-US\",\"@id\":\"https:\/\/sharonloew.com\/colecciones\/faith\/collar-virgen-desatanudos-plateado\/#primaryimage\",\"url\":\"https:\/\/sharonloew.com\/wp-content\/uploads\/2025\/09\/COLLAR-VIRGEN-DESATANUDOS-SILVER-scaled.jpg\",\"contentUrl\":\"https:\/\/sharonloew.com\/wp-content\/uploads\/2025\/09\/COLLAR-VIRGEN-DESATANUDOS-SILVER-scaled.jpg\",\"width\":2152,\"height\":2560},{\"@type\":\"BreadcrumbList\",\"@id\":\"https:\/\/sharonloew.com\/colecciones\/faith\/collar-virgen-desatanudos-plateado\/#breadcrumb\",\"itemListElement\":[{\"@type\":\"ListItem\",\"position\":1,\"name\":\"Inicio\",\"item\":\"https:\/\/sharonloew.com\/\"},{\"@type\":\"ListItem\",\"position\":2,\"name\":\"Colecciones\",\"item\":\"https:\/\/sharonloew.com\/colecciones\/\"},{\"@type\":\"ListItem\",\"position\":3,\"name\":\"FAITH\",\"item\":\"https:\/\/sharonloew.com\/categoria\/faith\/\"},{\"@type\":\"ListItem\",\"position\":4,\"name\":\"COLLAR VIRGEN DESATANUDOS PLATEADO\"}]},{\"@type\":\"WebSite\",\"@id\":\"https:\/\/sharonloew.com\/#website\",\"url\":\"https:\/\/sharonloew.com\/\",\"name\":\"Sharon Loew\",\"description\":\"Joyas y Accesorios\",\"potentialAction\":[{\"@type\":\"SearchAction\",\"target\":{\"@type\":\"EntryPoint\",\"urlTemplate\":\"https:\/\/sharonloew.com\/?s={search_term_string}\"},\"query-input\":{\"@type\":\"PropertyValueSpecification\",\"valueRequired\":true,\"valueName\":\"search_term_string\"}}],\"inLanguage\":\"en-US\"}]}<\/script>\n<!-- \/ Yoast SEO plugin. -->","yoast_head_json":{"title":"COLLAR VIRGEN DESATANUDOS PLATEADO - Sharon Loew","robots":{"index":"index","follow":"follow","max-snippet":"max-snippet:-1","max-image-preview":"max-image-preview:large","max-video-preview":"max-video-preview:-1"},"canonical":"https:\/\/sharonloew.com\/en\/colecciones\/faith\/collar-virgen-desatanudos-plateado\/","og_locale":"en_US","og_type":"article","og_title":"COLLAR VIRGEN DESATANUDOS PLATEADO - Sharon Loew","og_description":"Su historia se remonta al Siglo XVII, en Alemania, cuando un matrimonio atravesaba una fuerte crisis.  El esposo busc\u00f3 la ayuda de un Sacerdote, quien durante las sesiones de oraci\u00f3n tom\u00f3 una cinta blanca con nudos (que simbolizaba el matrimonio y sus problemas) y la present\u00f3 ante la Virgen. Al orar, los nudos de la cinta se soltaron milagrosamente y el matrimonio fue restaurado. Desde entonces, Mar\u00eda fue venerada como la que desata los nudos de la vida.","og_url":"https:\/\/sharonloew.com\/en\/colecciones\/faith\/collar-virgen-desatanudos-plateado\/","og_site_name":"Sharon Loew","article_modified_time":"2026-03-11T13:35:16+00:00","og_image":[{"width":2152,"height":2560,"url":"https:\/\/sharonloew.com\/wp-content\/uploads\/2025\/09\/COLLAR-VIRGEN-DESATANUDOS-SILVER-scaled.jpg","type":"image\/jpeg"}],"twitter_card":"summary_large_image","twitter_misc":{"Est. reading time":"1 minute"},"schema":{"@context":"https:\/\/schema.org","@graph":[{"@type":"WebPage","@id":"https:\/\/sharonloew.com\/colecciones\/faith\/collar-virgen-desatanudos-plateado\/","url":"https:\/\/sharonloew.com\/colecciones\/faith\/collar-virgen-desatanudos-plateado\/","name":"COLLAR VIRGEN DESATANUDOS PLATEADO - Sharon Loew","isPartOf":{"@id":"https:\/\/sharonloew.com\/#website"},"primaryImageOfPage":{"@id":"https:\/\/sharonloew.com\/colecciones\/faith\/collar-virgen-desatanudos-plateado\/#primaryimage"},"image":{"@id":"https:\/\/sharonloew.com\/colecciones\/faith\/collar-virgen-desatanudos-plateado\/#primaryimage"},"thumbnailUrl":"https:\/\/sharonloew.com\/wp-content\/uploads\/2025\/09\/COLLAR-VIRGEN-DESATANUDOS-SILVER-scaled.jpg","datePublished":"2025-09-24T18:48:02+00:00","dateModified":"2026-03-11T13:35:16+00:00","breadcrumb":{"@id":"https:\/\/sharonloew.com\/colecciones\/faith\/collar-virgen-desatanudos-plateado\/#breadcrumb"},"inLanguage":"en-US","potentialAction":[{"@type":"ReadAction","target":["https:\/\/sharonloew.com\/colecciones\/faith\/collar-virgen-desatanudos-plateado\/"]}]},{"@type":"ImageObject","inLanguage":"en-US","@id":"https:\/\/sharonloew.com\/colecciones\/faith\/collar-virgen-desatanudos-plateado\/#primaryimage","url":"https:\/\/sharonloew.com\/wp-content\/uploads\/2025\/09\/COLLAR-VIRGEN-DESATANUDOS-SILVER-scaled.jpg","contentUrl":"https:\/\/sharonloew.com\/wp-content\/uploads\/2025\/09\/COLLAR-VIRGEN-DESATANUDOS-SILVER-scaled.jpg","width":2152,"height":2560},{"@type":"BreadcrumbList","@id":"https:\/\/sharonloew.com\/colecciones\/faith\/collar-virgen-desatanudos-plateado\/#breadcrumb","itemListElement":[{"@type":"ListItem","position":1,"name":"Inicio","item":"https:\/\/sharonloew.com\/"},{"@type":"ListItem","position":2,"name":"Colecciones","item":"https:\/\/sharonloew.com\/colecciones\/"},{"@type":"ListItem","position":3,"name":"FAITH","item":"https:\/\/sharonloew.com\/categoria\/faith\/"},{"@type":"ListItem","position":4,"name":"COLLAR VIRGEN DESATANUDOS PLATEADO"}]},{"@type":"WebSite","@id":"https:\/\/sharonloew.com\/#website","url":"https:\/\/sharonloew.com\/","name":"Sharon Loew","description":"Joyas y Accesorios","potentialAction":[{"@type":"SearchAction","target":{"@type":"EntryPoint","urlTemplate":"https:\/\/sharonloew.com\/?s={search_term_string}"},"query-input":{"@type":"PropertyValueSpecification","valueRequired":true,"valueName":"search_term_string"}}],"inLanguage":"en-US"}]}},"_links":{"self":[{"href":"https:\/\/sharonloew.com\/en\/wp-json\/wp\/v2\/product\/3569","targetHints":{"allow":["GET"]}}],"collection":[{"href":"https:\/\/sharonloew.com\/en\/wp-json\/wp\/v2\/product"}],"about":[{"href":"https:\/\/sharonloew.com\/en\/wp-json\/wp\/v2\/types\/product"}],"replies":[{"embeddable":true,"href":"https:\/\/sharonloew.com\/en\/wp-json\/wp\/v2\/comments?post=3569"}],"wp:featuredmedia":[{"embeddable":true,"href":"https:\/\/sharonloew.com\/en\/wp-json\/wp\/v2\/media\/3570"}],"wp:attachment":[{"href":"https:\/\/sharonloew.com\/en\/wp-json\/wp\/v2\/media?parent=3569"}],"wp:term":[{"taxonomy":"product_brand","embeddable":true,"href":"https:\/\/sharonloew.com\/en\/wp-json\/wp\/v2\/product_brand?post=3569"},{"taxonomy":"product_cat","embeddable":true,"href":"https:\/\/sharonloew.com\/en\/wp-json\/wp\/v2\/product_cat?post=3569"},{"taxonomy":"product_tag","embeddable":true,"href":"https:\/\/sharonloew.com\/en\/wp-json\/wp\/v2\/product_tag?post=3569"}],"curies":[{"name":"wp","href":"https:\/\/api.w.org\/{rel}","templated":true}]}}