{"id":769,"date":"2017-11-05T16:25:51","date_gmt":"2017-11-05T16:25:51","guid":{"rendered":"https:\/\/sharonloew.com\/?post_type=product&#038;p=769"},"modified":"2023-12-15T22:49:03","modified_gmt":"2023-12-15T22:49:03","slug":"jtal08","status":"publish","type":"product","link":"https:\/\/sharonloew.com\/en\/colecciones\/sin-categoria\/jtal08\/","title":{"rendered":"JTAL08"},"content":{"rendered":"<p>Collar con amuletos pu\u00f1o de azabache y ojo turco<\/p>","protected":false},"excerpt":{"rendered":"<p>El azabache fue utilizado a lo largo de la historia en forma de amuletos y joyas, como un material de propiedades m\u00e1gicas y terape\u00faticas. La higa o figa, como tambi\u00e9n es llamado, es la representaci\u00f3n\u00a0 de una mano cerrada con el pulgar colocado entre los dedos \u00edndice y coraz\u00f3n, indicando protecci\u00f3n ante el mal inminente.<\/p>","protected":false},"featured_media":506,"comment_status":"open","ping_status":"closed","template":"","meta":{"_acf_changed":false},"product_brand":[],"product_cat":[132],"product_tag":[],"class_list":{"0":"post-769","1":"product","2":"type-product","3":"status-publish","4":"has-post-thumbnail","6":"product_cat-sin-categoria","8":"first","9":"instock","10":"shipping-taxable","11":"purchasable","12":"product-type-variable"},"acf":[],"yoast_head":"<!-- This site is optimized with the Yoast SEO plugin v26.4 - https:\/\/yoast.com\/wordpress\/plugins\/seo\/ -->\n<title>JTAL08 - Sharon Loew<\/title>\n<meta name=\"robots\" content=\"index, follow, max-snippet:-1, max-image-preview:large, max-video-preview:-1\" \/>\n<link rel=\"canonical\" href=\"https:\/\/sharonloew.com\/en\/colecciones\/sin-categoria\/jtal08\/\" \/>\n<meta property=\"og:locale\" content=\"en_US\" \/>\n<meta property=\"og:type\" content=\"article\" \/>\n<meta property=\"og:title\" content=\"JTAL08 - Sharon Loew\" \/>\n<meta property=\"og:description\" content=\"El azabache fue utilizado a lo largo de la historia en forma de amuletos y joyas, como un material de propiedades m\u00e1gicas y terape\u00faticas. La higa o figa, como tambi\u00e9n es llamado, es la representaci\u00f3n\u00a0 de una mano cerrada con el pulgar colocado entre los dedos \u00edndice y coraz\u00f3n, indicando protecci\u00f3n ante el mal inminente.\" \/>\n<meta property=\"og:url\" content=\"https:\/\/sharonloew.com\/en\/colecciones\/sin-categoria\/jtal08\/\" \/>\n<meta property=\"og:site_name\" content=\"Sharon Loew\" \/>\n<meta property=\"article:modified_time\" content=\"2023-12-15T22:49:03+00:00\" \/>\n<meta property=\"og:image\" content=\"https:\/\/sharonloew.com\/wp-content\/uploads\/2017\/11\/JTAL08-ROJO-scaled.jpg\" \/>\n\t<meta property=\"og:image:width\" content=\"1702\" \/>\n\t<meta property=\"og:image:height\" content=\"2560\" \/>\n\t<meta property=\"og:image:type\" content=\"image\/jpeg\" \/>\n<meta name=\"twitter:card\" content=\"summary_large_image\" \/>\n<meta name=\"twitter:label1\" content=\"Est. reading time\" \/>\n\t<meta name=\"twitter:data1\" content=\"1 minute\" \/>\n<script type=\"application\/ld+json\" class=\"yoast-schema-graph\">{\"@context\":\"https:\/\/schema.org\",\"@graph\":[{\"@type\":\"WebPage\",\"@id\":\"https:\/\/sharonloew.com\/colecciones\/sin-categoria\/jtal08\/\",\"url\":\"https:\/\/sharonloew.com\/colecciones\/sin-categoria\/jtal08\/\",\"name\":\"JTAL08 - Sharon Loew\",\"isPartOf\":{\"@id\":\"https:\/\/sharonloew.com\/#website\"},\"primaryImageOfPage\":{\"@id\":\"https:\/\/sharonloew.com\/colecciones\/sin-categoria\/jtal08\/#primaryimage\"},\"image\":{\"@id\":\"https:\/\/sharonloew.com\/colecciones\/sin-categoria\/jtal08\/#primaryimage\"},\"thumbnailUrl\":\"https:\/\/sharonloew.com\/wp-content\/uploads\/2017\/11\/JTAL08-ROJO-scaled.jpg\",\"datePublished\":\"2017-11-05T16:25:51+00:00\",\"dateModified\":\"2023-12-15T22:49:03+00:00\",\"breadcrumb\":{\"@id\":\"https:\/\/sharonloew.com\/colecciones\/sin-categoria\/jtal08\/#breadcrumb\"},\"inLanguage\":\"en-US\",\"potentialAction\":[{\"@type\":\"ReadAction\",\"target\":[\"https:\/\/sharonloew.com\/colecciones\/sin-categoria\/jtal08\/\"]}]},{\"@type\":\"ImageObject\",\"inLanguage\":\"en-US\",\"@id\":\"https:\/\/sharonloew.com\/colecciones\/sin-categoria\/jtal08\/#primaryimage\",\"url\":\"https:\/\/sharonloew.com\/wp-content\/uploads\/2017\/11\/JTAL08-ROJO-scaled.jpg\",\"contentUrl\":\"https:\/\/sharonloew.com\/wp-content\/uploads\/2017\/11\/JTAL08-ROJO-scaled.jpg\",\"width\":1702,\"height\":2560},{\"@type\":\"BreadcrumbList\",\"@id\":\"https:\/\/sharonloew.com\/colecciones\/sin-categoria\/jtal08\/#breadcrumb\",\"itemListElement\":[{\"@type\":\"ListItem\",\"position\":1,\"name\":\"Inicio\",\"item\":\"https:\/\/sharonloew.com\/\"},{\"@type\":\"ListItem\",\"position\":2,\"name\":\"Colecciones\",\"item\":\"https:\/\/sharonloew.com\/colecciones\/\"},{\"@type\":\"ListItem\",\"position\":3,\"name\":\"CORAZ\u00d3N GITANO\",\"item\":\"https:\/\/sharonloew.com\/en\/categoria\/sin-categoria\/\"},{\"@type\":\"ListItem\",\"position\":4,\"name\":\"JTAL08\"}]},{\"@type\":\"WebSite\",\"@id\":\"https:\/\/sharonloew.com\/#website\",\"url\":\"https:\/\/sharonloew.com\/\",\"name\":\"Sharon Loew\",\"description\":\"Joyas y Accesorios\",\"potentialAction\":[{\"@type\":\"SearchAction\",\"target\":{\"@type\":\"EntryPoint\",\"urlTemplate\":\"https:\/\/sharonloew.com\/?s={search_term_string}\"},\"query-input\":{\"@type\":\"PropertyValueSpecification\",\"valueRequired\":true,\"valueName\":\"search_term_string\"}}],\"inLanguage\":\"en-US\"}]}<\/script>\n<!-- \/ Yoast SEO plugin. -->","yoast_head_json":{"title":"JTAL08 - Sharon Loew","robots":{"index":"index","follow":"follow","max-snippet":"max-snippet:-1","max-image-preview":"max-image-preview:large","max-video-preview":"max-video-preview:-1"},"canonical":"https:\/\/sharonloew.com\/en\/colecciones\/sin-categoria\/jtal08\/","og_locale":"en_US","og_type":"article","og_title":"JTAL08 - Sharon Loew","og_description":"El azabache fue utilizado a lo largo de la historia en forma de amuletos y joyas, como un material de propiedades m\u00e1gicas y terape\u00faticas. La higa o figa, como tambi\u00e9n es llamado, es la representaci\u00f3n\u00a0 de una mano cerrada con el pulgar colocado entre los dedos \u00edndice y coraz\u00f3n, indicando protecci\u00f3n ante el mal inminente.","og_url":"https:\/\/sharonloew.com\/en\/colecciones\/sin-categoria\/jtal08\/","og_site_name":"Sharon Loew","article_modified_time":"2023-12-15T22:49:03+00:00","og_image":[{"width":1702,"height":2560,"url":"https:\/\/sharonloew.com\/wp-content\/uploads\/2017\/11\/JTAL08-ROJO-scaled.jpg","type":"image\/jpeg"}],"twitter_card":"summary_large_image","twitter_misc":{"Est. reading time":"1 minute"},"schema":{"@context":"https:\/\/schema.org","@graph":[{"@type":"WebPage","@id":"https:\/\/sharonloew.com\/colecciones\/sin-categoria\/jtal08\/","url":"https:\/\/sharonloew.com\/colecciones\/sin-categoria\/jtal08\/","name":"JTAL08 - Sharon Loew","isPartOf":{"@id":"https:\/\/sharonloew.com\/#website"},"primaryImageOfPage":{"@id":"https:\/\/sharonloew.com\/colecciones\/sin-categoria\/jtal08\/#primaryimage"},"image":{"@id":"https:\/\/sharonloew.com\/colecciones\/sin-categoria\/jtal08\/#primaryimage"},"thumbnailUrl":"https:\/\/sharonloew.com\/wp-content\/uploads\/2017\/11\/JTAL08-ROJO-scaled.jpg","datePublished":"2017-11-05T16:25:51+00:00","dateModified":"2023-12-15T22:49:03+00:00","breadcrumb":{"@id":"https:\/\/sharonloew.com\/colecciones\/sin-categoria\/jtal08\/#breadcrumb"},"inLanguage":"en-US","potentialAction":[{"@type":"ReadAction","target":["https:\/\/sharonloew.com\/colecciones\/sin-categoria\/jtal08\/"]}]},{"@type":"ImageObject","inLanguage":"en-US","@id":"https:\/\/sharonloew.com\/colecciones\/sin-categoria\/jtal08\/#primaryimage","url":"https:\/\/sharonloew.com\/wp-content\/uploads\/2017\/11\/JTAL08-ROJO-scaled.jpg","contentUrl":"https:\/\/sharonloew.com\/wp-content\/uploads\/2017\/11\/JTAL08-ROJO-scaled.jpg","width":1702,"height":2560},{"@type":"BreadcrumbList","@id":"https:\/\/sharonloew.com\/colecciones\/sin-categoria\/jtal08\/#breadcrumb","itemListElement":[{"@type":"ListItem","position":1,"name":"Inicio","item":"https:\/\/sharonloew.com\/"},{"@type":"ListItem","position":2,"name":"Colecciones","item":"https:\/\/sharonloew.com\/colecciones\/"},{"@type":"ListItem","position":3,"name":"CORAZ\u00d3N GITANO","item":"https:\/\/sharonloew.com\/en\/categoria\/sin-categoria\/"},{"@type":"ListItem","position":4,"name":"JTAL08"}]},{"@type":"WebSite","@id":"https:\/\/sharonloew.com\/#website","url":"https:\/\/sharonloew.com\/","name":"Sharon Loew","description":"Joyas y Accesorios","potentialAction":[{"@type":"SearchAction","target":{"@type":"EntryPoint","urlTemplate":"https:\/\/sharonloew.com\/?s={search_term_string}"},"query-input":{"@type":"PropertyValueSpecification","valueRequired":true,"valueName":"search_term_string"}}],"inLanguage":"en-US"}]}},"_links":{"self":[{"href":"https:\/\/sharonloew.com\/en\/wp-json\/wp\/v2\/product\/769","targetHints":{"allow":["GET"]}}],"collection":[{"href":"https:\/\/sharonloew.com\/en\/wp-json\/wp\/v2\/product"}],"about":[{"href":"https:\/\/sharonloew.com\/en\/wp-json\/wp\/v2\/types\/product"}],"replies":[{"embeddable":true,"href":"https:\/\/sharonloew.com\/en\/wp-json\/wp\/v2\/comments?post=769"}],"wp:featuredmedia":[{"embeddable":true,"href":"https:\/\/sharonloew.com\/en\/wp-json\/wp\/v2\/media\/506"}],"wp:attachment":[{"href":"https:\/\/sharonloew.com\/en\/wp-json\/wp\/v2\/media?parent=769"}],"wp:term":[{"taxonomy":"product_brand","embeddable":true,"href":"https:\/\/sharonloew.com\/en\/wp-json\/wp\/v2\/product_brand?post=769"},{"taxonomy":"product_cat","embeddable":true,"href":"https:\/\/sharonloew.com\/en\/wp-json\/wp\/v2\/product_cat?post=769"},{"taxonomy":"product_tag","embeddable":true,"href":"https:\/\/sharonloew.com\/en\/wp-json\/wp\/v2\/product_tag?post=769"}],"curies":[{"name":"wp","href":"https:\/\/api.w.org\/{rel}","templated":true}]}}