{"id":800,"date":"2017-11-06T20:35:05","date_gmt":"2017-11-06T20:35:05","guid":{"rendered":"https:\/\/sharonloew.com\/?post_type=product&#038;p=800"},"modified":"2024-09-25T22:29:27","modified_gmt":"2024-09-25T22:29:27","slug":"jtal21","status":"publish","type":"product","link":"https:\/\/sharonloew.com\/en\/colecciones\/sin-categoria\/jtal21\/","title":{"rendered":"JTAL21"},"content":{"rendered":"<p>Collar Mano de F\u00e1tima<\/p>","protected":false},"excerpt":{"rendered":"<p>Dice la leyenda que qui\u00e9n porta la Mano de F\u00e1tima estar\u00e1 cubierto de buen suerte y ser\u00e1 dotado de las virtudes de la paciencia y la fertilidad.<\/p>","protected":false},"featured_media":513,"comment_status":"open","ping_status":"closed","template":"","meta":{"_acf_changed":false},"product_brand":[],"product_cat":[132],"product_tag":[],"class_list":{"0":"post-800","1":"product","2":"type-product","3":"status-publish","4":"has-post-thumbnail","6":"product_cat-sin-categoria","8":"first","9":"outofstock","10":"shipping-taxable","11":"purchasable","12":"product-type-simple"},"acf":[],"yoast_head":"<!-- This site is optimized with the Yoast SEO plugin v26.4 - https:\/\/yoast.com\/wordpress\/plugins\/seo\/ -->\n<title>JTAL21 - Sharon Loew<\/title>\n<meta name=\"robots\" content=\"index, follow, max-snippet:-1, max-image-preview:large, max-video-preview:-1\" \/>\n<link rel=\"canonical\" href=\"https:\/\/sharonloew.com\/en\/colecciones\/sin-categoria\/jtal21\/\" \/>\n<meta property=\"og:locale\" content=\"en_US\" \/>\n<meta property=\"og:type\" content=\"article\" \/>\n<meta property=\"og:title\" content=\"JTAL21 - Sharon Loew\" \/>\n<meta property=\"og:description\" content=\"Dice la leyenda que qui\u00e9n porta la Mano de F\u00e1tima estar\u00e1 cubierto de buen suerte y ser\u00e1 dotado de las virtudes de la paciencia y la fertilidad.\" \/>\n<meta property=\"og:url\" content=\"https:\/\/sharonloew.com\/en\/colecciones\/sin-categoria\/jtal21\/\" \/>\n<meta property=\"og:site_name\" content=\"Sharon Loew\" \/>\n<meta property=\"article:modified_time\" content=\"2024-09-25T22:29:27+00:00\" \/>\n<meta property=\"og:image\" content=\"https:\/\/sharonloew.com\/wp-content\/uploads\/2017\/11\/JTAL21.jpg\" \/>\n\t<meta property=\"og:image:width\" content=\"3008\" \/>\n\t<meta property=\"og:image:height\" content=\"2000\" \/>\n\t<meta property=\"og:image:type\" content=\"image\/jpeg\" \/>\n<meta name=\"twitter:card\" content=\"summary_large_image\" \/>\n<script type=\"application\/ld+json\" class=\"yoast-schema-graph\">{\"@context\":\"https:\/\/schema.org\",\"@graph\":[{\"@type\":\"WebPage\",\"@id\":\"https:\/\/sharonloew.com\/colecciones\/sin-categoria\/jtal21\/\",\"url\":\"https:\/\/sharonloew.com\/colecciones\/sin-categoria\/jtal21\/\",\"name\":\"JTAL21 - Sharon Loew\",\"isPartOf\":{\"@id\":\"https:\/\/sharonloew.com\/#website\"},\"primaryImageOfPage\":{\"@id\":\"https:\/\/sharonloew.com\/colecciones\/sin-categoria\/jtal21\/#primaryimage\"},\"image\":{\"@id\":\"https:\/\/sharonloew.com\/colecciones\/sin-categoria\/jtal21\/#primaryimage\"},\"thumbnailUrl\":\"https:\/\/sharonloew.com\/wp-content\/uploads\/2017\/11\/JTAL21-scaled.jpg\",\"datePublished\":\"2017-11-06T20:35:05+00:00\",\"dateModified\":\"2024-09-25T22:29:27+00:00\",\"breadcrumb\":{\"@id\":\"https:\/\/sharonloew.com\/colecciones\/sin-categoria\/jtal21\/#breadcrumb\"},\"inLanguage\":\"en-US\",\"potentialAction\":[{\"@type\":\"ReadAction\",\"target\":[\"https:\/\/sharonloew.com\/colecciones\/sin-categoria\/jtal21\/\"]}]},{\"@type\":\"ImageObject\",\"inLanguage\":\"en-US\",\"@id\":\"https:\/\/sharonloew.com\/colecciones\/sin-categoria\/jtal21\/#primaryimage\",\"url\":\"https:\/\/sharonloew.com\/wp-content\/uploads\/2017\/11\/JTAL21-scaled.jpg\",\"contentUrl\":\"https:\/\/sharonloew.com\/wp-content\/uploads\/2017\/11\/JTAL21-scaled.jpg\",\"width\":2560,\"height\":1702},{\"@type\":\"BreadcrumbList\",\"@id\":\"https:\/\/sharonloew.com\/colecciones\/sin-categoria\/jtal21\/#breadcrumb\",\"itemListElement\":[{\"@type\":\"ListItem\",\"position\":1,\"name\":\"Inicio\",\"item\":\"https:\/\/sharonloew.com\/\"},{\"@type\":\"ListItem\",\"position\":2,\"name\":\"Colecciones\",\"item\":\"https:\/\/sharonloew.com\/colecciones\/\"},{\"@type\":\"ListItem\",\"position\":3,\"name\":\"CORAZ\u00d3N GITANO\",\"item\":\"https:\/\/sharonloew.com\/en\/categoria\/sin-categoria\/\"},{\"@type\":\"ListItem\",\"position\":4,\"name\":\"JTAL21\"}]},{\"@type\":\"WebSite\",\"@id\":\"https:\/\/sharonloew.com\/#website\",\"url\":\"https:\/\/sharonloew.com\/\",\"name\":\"Sharon Loew\",\"description\":\"Joyas y Accesorios\",\"potentialAction\":[{\"@type\":\"SearchAction\",\"target\":{\"@type\":\"EntryPoint\",\"urlTemplate\":\"https:\/\/sharonloew.com\/?s={search_term_string}\"},\"query-input\":{\"@type\":\"PropertyValueSpecification\",\"valueRequired\":true,\"valueName\":\"search_term_string\"}}],\"inLanguage\":\"en-US\"}]}<\/script>\n<!-- \/ Yoast SEO plugin. -->","yoast_head_json":{"title":"JTAL21 - Sharon Loew","robots":{"index":"index","follow":"follow","max-snippet":"max-snippet:-1","max-image-preview":"max-image-preview:large","max-video-preview":"max-video-preview:-1"},"canonical":"https:\/\/sharonloew.com\/en\/colecciones\/sin-categoria\/jtal21\/","og_locale":"en_US","og_type":"article","og_title":"JTAL21 - Sharon Loew","og_description":"Dice la leyenda que qui\u00e9n porta la Mano de F\u00e1tima estar\u00e1 cubierto de buen suerte y ser\u00e1 dotado de las virtudes de la paciencia y la fertilidad.","og_url":"https:\/\/sharonloew.com\/en\/colecciones\/sin-categoria\/jtal21\/","og_site_name":"Sharon Loew","article_modified_time":"2024-09-25T22:29:27+00:00","og_image":[{"width":3008,"height":2000,"url":"https:\/\/sharonloew.com\/wp-content\/uploads\/2017\/11\/JTAL21.jpg","type":"image\/jpeg"}],"twitter_card":"summary_large_image","schema":{"@context":"https:\/\/schema.org","@graph":[{"@type":"WebPage","@id":"https:\/\/sharonloew.com\/colecciones\/sin-categoria\/jtal21\/","url":"https:\/\/sharonloew.com\/colecciones\/sin-categoria\/jtal21\/","name":"JTAL21 - Sharon Loew","isPartOf":{"@id":"https:\/\/sharonloew.com\/#website"},"primaryImageOfPage":{"@id":"https:\/\/sharonloew.com\/colecciones\/sin-categoria\/jtal21\/#primaryimage"},"image":{"@id":"https:\/\/sharonloew.com\/colecciones\/sin-categoria\/jtal21\/#primaryimage"},"thumbnailUrl":"https:\/\/sharonloew.com\/wp-content\/uploads\/2017\/11\/JTAL21-scaled.jpg","datePublished":"2017-11-06T20:35:05+00:00","dateModified":"2024-09-25T22:29:27+00:00","breadcrumb":{"@id":"https:\/\/sharonloew.com\/colecciones\/sin-categoria\/jtal21\/#breadcrumb"},"inLanguage":"en-US","potentialAction":[{"@type":"ReadAction","target":["https:\/\/sharonloew.com\/colecciones\/sin-categoria\/jtal21\/"]}]},{"@type":"ImageObject","inLanguage":"en-US","@id":"https:\/\/sharonloew.com\/colecciones\/sin-categoria\/jtal21\/#primaryimage","url":"https:\/\/sharonloew.com\/wp-content\/uploads\/2017\/11\/JTAL21-scaled.jpg","contentUrl":"https:\/\/sharonloew.com\/wp-content\/uploads\/2017\/11\/JTAL21-scaled.jpg","width":2560,"height":1702},{"@type":"BreadcrumbList","@id":"https:\/\/sharonloew.com\/colecciones\/sin-categoria\/jtal21\/#breadcrumb","itemListElement":[{"@type":"ListItem","position":1,"name":"Inicio","item":"https:\/\/sharonloew.com\/"},{"@type":"ListItem","position":2,"name":"Colecciones","item":"https:\/\/sharonloew.com\/colecciones\/"},{"@type":"ListItem","position":3,"name":"CORAZ\u00d3N GITANO","item":"https:\/\/sharonloew.com\/en\/categoria\/sin-categoria\/"},{"@type":"ListItem","position":4,"name":"JTAL21"}]},{"@type":"WebSite","@id":"https:\/\/sharonloew.com\/#website","url":"https:\/\/sharonloew.com\/","name":"Sharon Loew","description":"Joyas y Accesorios","potentialAction":[{"@type":"SearchAction","target":{"@type":"EntryPoint","urlTemplate":"https:\/\/sharonloew.com\/?s={search_term_string}"},"query-input":{"@type":"PropertyValueSpecification","valueRequired":true,"valueName":"search_term_string"}}],"inLanguage":"en-US"}]}},"_links":{"self":[{"href":"https:\/\/sharonloew.com\/en\/wp-json\/wp\/v2\/product\/800","targetHints":{"allow":["GET"]}}],"collection":[{"href":"https:\/\/sharonloew.com\/en\/wp-json\/wp\/v2\/product"}],"about":[{"href":"https:\/\/sharonloew.com\/en\/wp-json\/wp\/v2\/types\/product"}],"replies":[{"embeddable":true,"href":"https:\/\/sharonloew.com\/en\/wp-json\/wp\/v2\/comments?post=800"}],"wp:featuredmedia":[{"embeddable":true,"href":"https:\/\/sharonloew.com\/en\/wp-json\/wp\/v2\/media\/513"}],"wp:attachment":[{"href":"https:\/\/sharonloew.com\/en\/wp-json\/wp\/v2\/media?parent=800"}],"wp:term":[{"taxonomy":"product_brand","embeddable":true,"href":"https:\/\/sharonloew.com\/en\/wp-json\/wp\/v2\/product_brand?post=800"},{"taxonomy":"product_cat","embeddable":true,"href":"https:\/\/sharonloew.com\/en\/wp-json\/wp\/v2\/product_cat?post=800"},{"taxonomy":"product_tag","embeddable":true,"href":"https:\/\/sharonloew.com\/en\/wp-json\/wp\/v2\/product_tag?post=800"}],"curies":[{"name":"wp","href":"https:\/\/api.w.org\/{rel}","templated":true}]}}